{"id":750,"date":"2021-04-28T16:54:58","date_gmt":"2021-04-28T20:54:58","guid":{"rendered":"http:\/\/nbmchurch.org\/?page_id=750"},"modified":"2021-04-28T16:54:58","modified_gmt":"2021-04-28T20:54:58","slug":"politique-de-confidentialite","status":"publish","type":"page","link":"https:\/\/nbmchurch.org\/fr\/politique-de-confidentialite\/","title":{"rendered":"Politique de confidentialit\u00e9"},"content":{"rendered":"<div class=\"wpb-content-wrapper\">[vc_row][vc_column][mk_revslider id=\u00a0\u00bbbanner-vision-fr\u00a0\u00bb][\/vc_column][\/vc_row][vc_row css=\u00a0\u00bb.vc_custom_1464313207161{margin-top: 50px !important;margin-bottom: 50px !important;}\u00a0\u00bb][vc_column width=\u00a0\u00bb1\/6&Prime; css=\u00a0\u00bb.vc_custom_1467164516572{margin-top: 0px !important;padding-top: 0px !important;}\u00a0\u00bb][vc_column_text]\n<p>&nbsp;<\/p>\n[\/vc_column_text][\/vc_column][vc_column width=\u00a0\u00bb4\/6&Prime;][vc_column_text]\n<h2><strong>NOTRE POLITIQUE SUR LA VIE PRIV\u00c9E<\/strong><\/h2>\n<p><strong>Nous avons \u00e0 c\u0153ur la protection de vos renseignements personnels<\/strong><\/p>\n<p>La pr\u00e9sente politique sur la protection des renseignements personnels (la \u00ab Politique \u00bb) d\u00e9crit les politiques et pratiques actuelles du Minist\u00e8re Nouveaux D\u00e9buts &amp; A WORD FOR TODAY (\u00ab nous \u00bb) relativement aux renseignements personnels que nous recueillons directement aupr\u00e8s de vous ou par l\u2019interm\u00e9diaire de sites Internet.<\/p>\n<p><strong>Renseignements personnels recueillis\u00a0<\/strong><\/p>\n<p>L\u2019expression \u00ab renseignements personnels \u00bb renvoie \u00e0 l\u2019information nominative sur vous, notamment votre nom, votre adresse \u00e9lectronique, votre adresse postale et votre num\u00e9ro de t\u00e9l\u00e9phone.<\/p>\n<p>Nous ne collectons pas d&rsquo;informations personnellement identifiables \u00e0 votre sujet sauf lorsque vous fournissez sp\u00e9cifiquement ces informations sur une base volontaire, lors d&rsquo;un don via nos sites.<\/p>\n<p>Nous pouvons utiliser les informations que nous recueillons aupr\u00e8s de vous de la mani\u00e8re suivante:<\/p>\n<ul>\n<li>Pour vous envoyer les produits promotionnels auxquels vous avez droit et vous envoyer par la poste un un re\u00e7u officiel de don.<\/li>\n<li>Am\u00e9liorer nos sites internet afin de mieux vous servir.<\/li>\n<li>Pour nous permettre de mieux vous servir en r\u00e9pondant \u00e0 vos demandes au service \u00e0 la client\u00e8le.<\/li>\n<li>Nous pouvons tr\u00e8s rarement vous contacter pour vous informer des nouveaux produits \/ promotions que nous proposons.<\/li>\n<li>En interne, pour nous aider \u00e0 am\u00e9liorer nos services, introduire de nouvelles fonctionnalit\u00e9s, r\u00e9pondre aux questions concernant nos produits et fournir le service \u00e0 la client\u00e8le.<\/li>\n<li>Toutes autres fins autoris\u00e9es par la loi.<\/li>\n<\/ul>\n<p>Nous nous effor\u00e7ons de veiller \u00e0 ce que les renseignements personnels qui figurent dans nos bases de donn\u00e9es demeurent fiables, exacts, complets et \u00e0 jour ainsi qu\u2019\u00e0 prot\u00e9ger le caract\u00e8re confidentiel et la s\u00e9curit\u00e9 de nos bases de donn\u00e9es.<\/p>\n<p>Seuls nos employ\u00e9s\/b\u00e9n\u00e9voles qui ont besoin d\u2019acc\u00e9der \u00e0 vos renseignements personnels dans le cadre de leurs fonctions auront acc\u00e8s \u00e0 ceux-ci. Ces employ\u00e9s\/ b\u00e9n\u00e9voles ont \u00e9t\u00e9 form\u00e9s pour traiter ces renseignements de la fa\u00e7on appropri\u00e9e et conform\u00e9ment \u00e0 nos normes strictes de confidentialit\u00e9.<\/p>\n<p>Nous ne partageons, ne vendons ni ne distribuons jamais vos informations personnelles avec ou \u00e0 des tiers non li\u00e9s, sauf dans ces circonstances extr\u00eames limit\u00e9es telles que:<\/p>\n<p style=\"padding-left: 40px;\">&#8211; pour se conformer \u00e0 une obligation l\u00e9gale \/ jugement, pour l&rsquo;administration de la justice, pour prot\u00e9ger vos int\u00e9r\u00eats, pour prot\u00e9ger la s\u00e9curit\u00e9 ou l&rsquo;int\u00e9grit\u00e9 de nos bases de donn\u00e9es, pour prendre les mesures s\u00e9curitaires reli\u00e9es \u00e0 la responsabilit\u00e9 civile.<\/p>\n<p>En utilisant le sites Web du Minist\u00e8re Nouveaux D\u00e9buts &amp; A Word for Today, vous signifiez votre acceptation des termes de la politique de confidentialit\u00e9 de cet organisme.[\/vc_column_text][\/vc_column][vc_column width=\u00a0\u00bb1\/6&Prime;][vc_column_text]\n<p>&nbsp;<\/p>\n[\/vc_column_text][\/vc_column][\/vc_row]\n<\/div>","protected":false},"excerpt":{"rendered":"<p>[vc_row][vc_column][mk_revslider id=\u00a0\u00bbbanner-vision-fr\u00a0\u00bb][\/vc_column][\/vc_row][vc_row css=\u00a0\u00bb.vc_custom_1464313207161{margin-top: 50px !important;margin-bottom: 50px !important;}\u00a0\u00bb][vc_column width=\u00a0\u00bb1\/6&Prime; css=\u00a0\u00bb.vc_custom_1467164516572{margin-top: 0px !important;padding-top: 0px !important;}\u00a0\u00bb][vc_column_text] &nbsp; [\/vc_column_text][\/vc_column][vc_column width=\u00a0\u00bb4\/6&Prime;][vc_column_text] NOTRE POLITIQUE SUR LA VIE PRIV\u00c9E Nous avons \u00e0 c\u0153ur la protection de vos renseignements personnels La pr\u00e9sente politique sur la protection des renseignements personnels (la \u00ab Politique \u00bb) d\u00e9crit les politiques et pratiques actuelles du Minist\u00e8re Nouveaux D\u00e9buts [&hellip;]<\/p>\n","protected":false},"author":1,"featured_media":0,"parent":0,"menu_order":0,"comment_status":"closed","ping_status":"open","template":"","meta":{"footnotes":""},"class_list":["post-750","page","type-page","status-publish","hentry"],"_links":{"self":[{"href":"https:\/\/nbmchurch.org\/fr\/wp-json\/wp\/v2\/pages\/750"}],"collection":[{"href":"https:\/\/nbmchurch.org\/fr\/wp-json\/wp\/v2\/pages"}],"about":[{"href":"https:\/\/nbmchurch.org\/fr\/wp-json\/wp\/v2\/types\/page"}],"author":[{"embeddable":true,"href":"https:\/\/nbmchurch.org\/fr\/wp-json\/wp\/v2\/users\/1"}],"replies":[{"embeddable":true,"href":"https:\/\/nbmchurch.org\/fr\/wp-json\/wp\/v2\/comments?post=750"}],"version-history":[{"count":4,"href":"https:\/\/nbmchurch.org\/fr\/wp-json\/wp\/v2\/pages\/750\/revisions"}],"predecessor-version":[{"id":756,"href":"https:\/\/nbmchurch.org\/fr\/wp-json\/wp\/v2\/pages\/750\/revisions\/756"}],"wp:attachment":[{"href":"https:\/\/nbmchurch.org\/fr\/wp-json\/wp\/v2\/media?parent=750"}],"curies":[{"name":"wp","href":"https:\/\/api.w.org\/{rel}","templated":true}]}}