{"id":359,"date":"2016-07-13T14:32:28","date_gmt":"2016-07-13T18:32:28","guid":{"rendered":"http:\/\/nbmchurch.org\/wordpress\/fr\/?page_id=359"},"modified":"2020-02-04T15:59:00","modified_gmt":"2020-02-04T20:59:00","slug":"contact","status":"publish","type":"page","link":"https:\/\/nbmchurch.org\/fr\/contact\/","title":{"rendered":"Contact"},"content":{"rendered":"<div class=\"wpb-content-wrapper\">[vc_row][vc_column][mk_revslider id=\u00a0\u00bbbanner-contact-fr\u00a0\u00bb][\/vc_column][\/vc_row][vc_row][vc_column][mk_padding_divider size=\u00a0\u00bb30&Prime;][vc_column_text]\n<p style=\"text-align: center;\">Ne soyez pas en retard \u00e0 l\u2019\u00e9glise ! Un service de navette r\u00e9serv\u00e9 pour les membres de l\u2019\u00c9glise Nouveaux D\u00e9buts demeurant \u00e0 ville LaSalle est disponible.<br \/>\nVeuillez nous contacter vingt-quatre heures d\u2019avance afin de planifier votre itin\u00e9raire : (514) 363-1080<\/p>\n[\/vc_column_text][\/vc_column][\/vc_row][vc_row css=\u00a0\u00bb.vc_custom_1464313207161{margin-top: 50px !important;margin-bottom: 50px !important;}\u00a0\u00bb][vc_column width=\u00a0\u00bb1\/2&Prime; css=\u00a0\u00bb.vc_custom_1467164516572{margin-top: 0px !important;padding-top: 0px !important;}\u00a0\u00bb][vc_column_text]\n<h2>Contact<\/h2>\n<p>\u00c9GLISE \/ MINIST\u00c8RE NOUVEAUX D\u00c9BUTS<br \/>\n9412 Cl\u00e9ment<br \/>\nLaSalle, Qu\u00e9bec, Canada<br \/>\nH8R 1T5<\/p>\n<p><i class=\"fa fa-phone fa-fw\" style=\"margin-right: 5px;\"><\/i>T\u00e9l\u00e9phone : (514) 363-1080<br \/>\n<i class=\"fa fa-fax fa-fw\" style=\"margin-right: 5px;\"><\/i>T\u00e9l\u00e9copieur : (514) 363-6844<br \/>\n<i class=\"fa fa-envelope fa-fw\" style=\"margin-right: 5px;\"><\/i>Courriel : <a href=\"mailto:Pasteur.Chauvette@sympatico.ca\">Pasteur.Chauvette@sympatico.ca<\/a><br \/>\n<i class=\"fa fa-facebook-square fa-fw\" style=\"margin-right: 5px;\"><\/i><a href=\"https:\/\/www.facebook.com\/NewBeginningsChurchLaSalle\" target=\"_blank\" rel=\"noopener\">Suivez nous sur Facebook<\/a><\/p>\n<p><i class=\"fa fa-bus fa-fw\" style=\"margin-right: 5px;\"><\/i><strong>Transport en commun :<\/strong><br \/>\n\u00c0 partir de la station de m\u00e9tro Angrignon, prendre l\u2019autobus 113 qui vous am\u00e8nera au coin de la rue Cl\u00e9ment et d&rsquo;Amour, en face d\u2019o\u00f9 est situ\u00e9e l\u2019\u00c9glise Nouveaux D\u00e9buts.<\/p>\n<p><i class=\"fa fa-wheelchair fa-fw\" style=\"margin-right: 5px;\"><\/i><strong>Visiteur(s) avec handicap physique :<\/strong><br \/>\nNous avons une entr\u00e9e accessible pour les chaises roulantes situ\u00e9e sur la rue d&rsquo;Amour. Nos placiers se feront un plaisir de vous aider.<\/p>\n<p>Nous vous invitons \u00e0 t\u00e9l\u00e9charger l&rsquo;App de l&rsquo;\u00c9glise Nouveaux D\u00e9buts :<\/p>\n<p><a href=\"https:\/\/itunes.apple.com\/us\/app\/new-beginnings-church\/id1248957473?ls=1&amp;mt=8\" target=\"_blank\" rel=\"noopener\"><img loading=\"lazy\" decoding=\"async\" class=\"alignnone\" style=\"width: 150px;\" src=\"https:\/\/nbmchurch.org\/wp-content\/uploads\/app_store_available_fr.gif\" alt=\"\" width=\"214\" height=\"73\" \/><\/a><a href=\"https:\/\/play.google.com\/store\/apps\/details?id=org.nbmchurch.bible\" target=\"_blank\" rel=\"noopener\">\u00a0<img loading=\"lazy\" decoding=\"async\" class=\"alignnone\" style=\"width: 150px;\" src=\"https:\/\/nbmchurch.org\/wp-content\/uploads\/google-play-fr.png\" alt=\"\" width=\"214\" height=\"73\" \/><\/a><\/p>\n<h2>Nos r\u00e9unions<\/h2>\n<p>C\u00e9l\u00e9bration du Dimanche Matin\u00a0: 10 heures \u2014 (10 h)<br \/>\nMercredi \/ Coll\u00e8ge Biblique\u00a0: 19 heures 30 \u2014 (7 h 30)<br \/>\nVendredi \/ Soir\u00e9e de Pri\u00e8res\u00a0: 19 heures 30 \u2014 (7 h 30)<\/p>\n<p>S.V.P. nous contacter pour plus d\u2019informations \u00e0 propos de notre chaleureuse pouponni\u00e8re, nos \u00c9coles du Dimanche et nos R\u00e9unions Jeunesse. NOTE\u00a0: Nos r\u00e9unions du dimanche matin sont c\u00e9l\u00e9br\u00e9es en anglais et sont traduites simultan\u00e9ment en fran\u00e7ais \u2013 \u00e9couteurs disponibles sur place.<\/p>\n<h2>Nos Corporations Affili\u00e9es<\/h2>\n<p><a href=\"http:\/\/mimihouse.ca\/\" target=\"_blank\" rel=\"noopener\"><img loading=\"lazy\" decoding=\"async\" class=\"alignleft wp-image-547\" src=\"https:\/\/nbmchurch.org\/wp-content\/uploads\/mimi-house-logo-french.png\" alt=\"\" width=\"91\" height=\"180\" srcset=\"https:\/\/nbmchurch.org\/wp-content\/uploads\/mimi-house-logo-french.png 1754w, https:\/\/nbmchurch.org\/wp-content\/uploads\/mimi-house-logo-french-152x300.png 152w, https:\/\/nbmchurch.org\/wp-content\/uploads\/mimi-house-logo-french-519x1024.png 519w\" sizes=\"(max-width: 91px) 100vw, 91px\" \/><\/a><a href=\"http:\/\/moriahpublications.com\/\" target=\"_blank\" rel=\"noopener\"><img loading=\"lazy\" decoding=\"async\" class=\"alignleft wp-image-503\" src=\"https:\/\/nbmchurch.org\/wp-content\/uploads\/logo-en.jpg\" alt=\"\" width=\"216\" height=\"180\" srcset=\"https:\/\/nbmchurch.org\/wp-content\/uploads\/logo-en.jpg 513w, https:\/\/nbmchurch.org\/wp-content\/uploads\/logo-en-300x250.jpg 300w\" sizes=\"(max-width: 216px) 100vw, 216px\" \/><\/a><a href=\"https:\/\/awordfortoday.ca\" target=\"_blank\" rel=\"noopener\"><img loading=\"lazy\" decoding=\"async\" class=\"alignleft wp-image-541\" src=\"https:\/\/nbmchurch.org\/wp-content\/uploads\/a-word-for-today-tagline-logo-267x300.jpg\" alt=\"\" width=\"160\" height=\"180\" srcset=\"https:\/\/nbmchurch.org\/wp-content\/uploads\/a-word-for-today-tagline-logo-267x300.jpg 267w, https:\/\/nbmchurch.org\/wp-content\/uploads\/a-word-for-today-tagline-logo.jpg 500w\" sizes=\"(max-width: 160px) 100vw, 160px\" \/><\/a>[\/vc_column_text][\/vc_column][vc_column width=\u00a0\u00bb1\/2&Prime;][vc_column_text]\n<h2>Accr\u00e9ditations de l&rsquo;\u00c9glise Nouveaux D\u00e9buts<\/h2>\n<p>Le Minist\u00e8re \/ \u00c9glise Nouveaux D\u00e9buts est membre des associations Chr\u00e9tiennes suivantes :[\/vc_column_text][vc_row_inner][vc_column_inner width=\u00a0\u00bb1\/2&Prime;][vc_column_text]<a href=\"https:\/\/www.cccc.org\/\" target=\"_blank\" rel=\"noopener\"><img loading=\"lazy\" decoding=\"async\" class=\"aligncenter wp-image-482 size-full\" src=\"https:\/\/nbmchurch.org\/wp-content\/uploads\/cccc-logo.jpg\" alt=\"\" width=\"175\" height=\"175\" srcset=\"https:\/\/nbmchurch.org\/wp-content\/uploads\/cccc-logo.jpg 175w, https:\/\/nbmchurch.org\/wp-content\/uploads\/cccc-logo-150x150.jpg 150w, https:\/\/nbmchurch.org\/wp-content\/uploads\/cccc-logo-300x300.jpg 300w\" sizes=\"(max-width: 175px) 100vw, 175px\" \/><\/a><\/p>\n<p style=\"text-align: center; margin-top: -55px;\">LE CONSEIL CANADIEN DES CHARIT\u00c9S CHR\u00c9TIENNES (<a href=\"https:\/\/www.cccc.org\/\" target=\"_blank\" rel=\"noopener\">C.C.C.C.<\/a>)<\/p>\n[\/vc_column_text][\/vc_column_inner][vc_column_inner width=\u00a0\u00bb1\/2&Prime;][vc_column_text]<a href=\"http:\/\/iaogcan.com\/fr\/index.php\" target=\"_blank\" rel=\"noopener\"><img loading=\"lazy\" decoding=\"async\" class=\"aligncenter wp-image-480 size-full\" src=\"https:\/\/nbmchurch.org\/wp-content\/uploads\/iaogi.jpg\" alt=\"\" width=\"175\" height=\"175\" srcset=\"https:\/\/nbmchurch.org\/wp-content\/uploads\/iaogi.jpg 175w, https:\/\/nbmchurch.org\/wp-content\/uploads\/iaogi-150x150.jpg 150w\" sizes=\"(max-width: 175px) 100vw, 175px\" \/><\/a><\/p>\n<p style=\"text-align: center; margin-top: -55px;\">LES ASSEMBL\u00c9ES DE DIEU IND\u00c9PENDANTES INTERNATIONALES DU CANADA (<a href=\"http:\/\/iaogcan.com\/fr\/index.php\" target=\"_blank\" rel=\"noopener\">A.D.I.I.C.<\/a>)<\/p>\n[\/vc_column_text][\/vc_column_inner][\/vc_row_inner][vc_row_inner][vc_column_inner width=\u00a0\u00bb1\/2&Prime;][vc_column_text]<a href=\"http:\/\/www.evangelicalfellowship.ca\/\" target=\"_blank\" rel=\"noopener\"><img loading=\"lazy\" decoding=\"async\" class=\"aligncenter wp-image-481 size-full\" src=\"https:\/\/nbmchurch.org\/wp-content\/uploads\/aec.jpg\" alt=\"\" width=\"175\" height=\"175\" srcset=\"https:\/\/nbmchurch.org\/wp-content\/uploads\/aec.jpg 175w, https:\/\/nbmchurch.org\/wp-content\/uploads\/aec-150x150.jpg 150w\" sizes=\"(max-width: 175px) 100vw, 175px\" \/><\/a><\/p>\n<p style=\"text-align: center; margin-top: -15px;\">L&rsquo;ALLIANCE \u00c9VANG\u00c9LIQUE DU CANADA (<a href=\"http:\/\/www.evangelicalfellowship.ca\/\" target=\"_blank\" rel=\"noopener\">A.E.F.<\/a>)<\/p>\n[\/vc_column_text][\/vc_column_inner][vc_column_inner width=\u00a0\u00bb1\/2&Prime;][vc_column_text]<a href=\"http:\/\/cqoc.org\/en\/\" target=\"_blank\" rel=\"noopener\"><img loading=\"lazy\" decoding=\"async\" class=\"aligncenter wp-image-478 size-full\" src=\"https:\/\/nbmchurch.org\/wp-content\/uploads\/cqoc.jpg\" alt=\"\" width=\"175\" height=\"175\" srcset=\"https:\/\/nbmchurch.org\/wp-content\/uploads\/cqoc.jpg 175w, https:\/\/nbmchurch.org\/wp-content\/uploads\/cqoc-150x150.jpg 150w\" sizes=\"(max-width: 175px) 100vw, 175px\" \/><\/a><\/p>\n<p style=\"text-align: center; margin-top: -15px;\">LE CONSEIL QU\u00c9B\u00c9COIS DES ORGANISMES CHR\u00c9TIENS (<a href=\"http:\/\/cqoc.org\/en\/\" target=\"_blank\" rel=\"noopener\">C.Q.O.C.<\/a>)<\/p>\n[\/vc_column_text][\/vc_column_inner][\/vc_row_inner][vc_row_inner][vc_column_inner width=\u00a0\u00bb1\/2&Prime;][vc_column_text]<a href=\"https:\/\/ca.ccli.com\/\" target=\"_blank\" rel=\"noopener\"><img loading=\"lazy\" decoding=\"async\" class=\"aligncenter wp-image-516 size-full\" src=\"https:\/\/nbmchurch.org\/wp-content\/uploads\/ccli.jpg\" alt=\"\" width=\"175\" height=\"175\" srcset=\"https:\/\/nbmchurch.org\/wp-content\/uploads\/ccli.jpg 175w, https:\/\/nbmchurch.org\/wp-content\/uploads\/ccli-150x150.jpg 150w, https:\/\/nbmchurch.org\/wp-content\/uploads\/ccli-300x300.jpg 300w\" sizes=\"(max-width: 175px) 100vw, 175px\" \/><\/a><\/p>\n<p style=\"text-align: center; margin-top: -55px;\">LES LICENCES INTERNATIONALES DES DROITS D\u2019AUTEUR CHR\u00c9TIEN (<a href=\"https:\/\/ca.ccli.com\/\" target=\"_blank\" rel=\"noopener\">C.C.L.I.<\/a>)<\/p>\n[\/vc_column_text][\/vc_column_inner][vc_column_inner width=\u00a0\u00bb1\/2&Prime;][vc_column_text]<a href=\"http:\/\/www.etatcivil.gouv.qc.ca\/fr\/default.html\" target=\"_blank\" rel=\"noopener\"><img loading=\"lazy\" decoding=\"async\" class=\"aligncenter wp-image-519 size-full\" src=\"https:\/\/nbmchurch.org\/wp-content\/uploads\/decq.jpg\" alt=\"\" width=\"175\" height=\"175\" srcset=\"https:\/\/nbmchurch.org\/wp-content\/uploads\/decq.jpg 175w, https:\/\/nbmchurch.org\/wp-content\/uploads\/decq-150x150.jpg 150w, https:\/\/nbmchurch.org\/wp-content\/uploads\/decq-300x300.jpg 300w\" sizes=\"(max-width: 175px) 100vw, 175px\" \/><\/a><\/p>\n<p style=\"text-align: center; margin-top: -55px;\">LE DIRECTEUR DE L\u2019\u00c9TAT CIVIL DU QU\u00c9BEC (<a href=\"http:\/\/www.etatcivil.gouv.qc.ca\/fr\/default.html\" target=\"_blank\" rel=\"noopener\">D.E.C.Q.<\/a>)<\/p>\n[\/vc_column_text][\/vc_column_inner][\/vc_row_inner][vc_column_text]Se m\u00e9ritant les louanges des trois paliers de gouvernement pour sa transparence fiscale, le rapport financier du <strong>Minist\u00e8re Nouveaux D\u00e9buts est v\u00e9rifi\u00e9 (audit) annuellement<\/strong> par une firme comptable ind\u00e9pendante.<\/p>\n<p>Les Pasteurs St\u00e9phane Chauvette et Russell LeGassick sont des <strong>Ministres du Clerg\u00e9 Licenci\u00e9s<\/strong>, avec autorit\u00e9 l\u00e9gale de c\u00e9l\u00e9brer les mariages dans la Province du Qu\u00e9bec.<\/p>\n<p>Pasteur St\u00e9phane Chauvette est <strong>Commissaire \u00e0 l\u2019Assermentation<\/strong> reconnu officiellement par la Province du Qu\u00e9bec.<\/p>\n<h2>Horaire du minist\u00e8re de la radio<\/h2>\n<p><img loading=\"lazy\" decoding=\"async\" class=\"alignleft wp-image-76\" src=\"https:\/\/nbmchurch.org\/wp-content\/uploads\/E2-F2-History-Chauvette-162x300.jpg\" alt=\"E2 F2 History Chauvette\" width=\"108\" height=\"200\" \/>Le Pasteur St\u00e9phane Chauvette est entendu depuis plus de vingt-cinq ans sur les ondes de la <a href=\"http:\/\/www.wchp.com\/\" target=\"_blank\" rel=\"noopener\">radio chr\u00e9tienne WCHP 760 AM<\/a>. Ses \u00e9missions radio excitantes de quinze (15) minutes, diffus\u00e9es en fran\u00e7ais et en anglais, ont \u00e9difi\u00e9 de nombreux Chr\u00e9tiens depuis des ann\u00e9es \u2013 elles sont tr\u00e8s populaires dans l\u2019\u00c9tat de New York et la grande r\u00e9gion m\u00e9tropolitaine de Montr\u00e9al. Vous pouvez entendre le R\u00e9v. Chauvette aux heures de diffusion suivantes :<\/p>\n<div style=\"clear: both;\"><\/div>\n<p>Les \u00e9missions du Pasteur St\u00e9phane Chauvette sont diffus\u00e9es en fran\u00e7ais le :<\/p>\n<ul>\n<li>Mardi de 15 heures \u00e0 15 heures quinze \u2014 (3 h \u00e0 3 h 15)<\/li>\n<li>Jeudi de 14 heures trente \u00e0 14 heures quarante-cinq \u2014 (2 h 30 \u00e0 2 h 45)<\/li>\n<li>Samedi de 15 heures quarante-cinq \u00e0 16 heures \u2014 (3 h 45 \u00e0 4 h)<\/li>\n<li>Dimanche de 14 heures quarante-cinq \u00e0 15 heures \u2014 (2 h 45 \u00e0 3 h)<\/li>\n<\/ul>\n<p>Les \u00e9missions du Pasteur St\u00e9phane Chauvette sont aussi diffus\u00e9es en anglais le :<\/p>\n<ul>\n<li>Samedi de 14 heures quinze \u00e0 14 heures trente \u2014 (2 h 15 \u00e0 2 h 30)<\/li>\n<li>Dimanche de 9 heures \u00e0 9 heures quinze \u2014 (9 h \u00e0 9 h 15)<\/li>\n<\/ul>\n[\/vc_column_text][\/vc_column][\/vc_row][vc_row css=\u00a0\u00bb.vc_custom_1467837251766{margin-top: -40px !important;margin-bottom: 20px !important;}\u00a0\u00bb][vc_column width=\u00a0\u00bb1\/6&Prime;][\/vc_column][vc_column width=\u00a0\u00bb4\/6&Prime;][vc_column_text]<a href=\"https:\/\/nbmchurch.org\/our-images\/\"><img loading=\"lazy\" decoding=\"async\" class=\"aligncenter wp-image-41\" src=\"https:\/\/nbmchurch.org\/wp-content\/uploads\/icon-300x300.jpg\" width=\"100\" height=\"100\" srcset=\"https:\/\/nbmchurch.org\/wp-content\/uploads\/icon-300x300.jpg 300w, https:\/\/nbmchurch.org\/wp-content\/uploads\/icon-150x150.jpg 150w, https:\/\/nbmchurch.org\/wp-content\/uploads\/icon-500x500.jpg 500w, https:\/\/nbmchurch.org\/wp-content\/uploads\/icon-225x225.jpg 225w, https:\/\/nbmchurch.org\/wp-content\/uploads\/icon-200x200.jpg 200w, https:\/\/nbmchurch.org\/wp-content\/uploads\/icon-60x60.jpg 60w, https:\/\/nbmchurch.org\/wp-content\/uploads\/icon.jpg 512w\" sizes=\"(max-width: 100px) 100vw, 100px\" \/><\/a><\/p>\n<p style=\"text-align: center; margin-top: -20px;\"><a href=\"https:\/\/nbmchurch.org\/fr\/nos-symboles\/\">Nos symboles et leurs significations<\/a> \u00bb<\/p>\n[\/vc_column_text][\/vc_column][vc_column width=\u00a0\u00bb1\/6&Prime;][\/vc_column][\/vc_row][vc_row fullwidth=\u00a0\u00bbtrue\u00a0\u00bb][vc_column][mk_image src=\u00a0\u00bbhttps:\/\/nbmchurch.org\/wp-content\/uploads\/e7-f7-banner-contact-4.jpg\u00a0\u00bb image_size=\u00a0\u00bbfull\u00a0\u00bb align=\u00a0\u00bbcenter\u00a0\u00bb margin_bottom=\u00a0\u00bb0&Prime;][\/vc_column][\/vc_row][vc_row fullwidth=\u00a0\u00bbtrue\u00a0\u00bb][vc_column][mk_image src=\u00a0\u00bbhttps:\/\/nbmchurch.org\/wp-content\/uploads\/E7-F7-Banner-Contact-3.jpg\u00a0\u00bb image_size=\u00a0\u00bbfull\u00a0\u00bb align=\u00a0\u00bbcenter\u00a0\u00bb margin_bottom=\u00a0\u00bb0&Prime;][\/vc_column][\/vc_row][vc_row fullwidth=\u00a0\u00bbtrue\u00a0\u00bb][vc_column][vc_gmaps link=\u00a0\u00bb#E-8_JTNDaWZyYW1lJTIwc3JjJTNEJTIyaHR0cHMlM0ElMkYlMkZ3d3cuZ29vZ2xlLmNvbSUyRm1hcHMlMkZlbWJlZCUzRnBiJTNEJTIxMW0xNCUyMTFtOCUyMTFtMyUyMTFkNTU5OS42OTg5MTU5MjA0MTclMjEyZC03My42NDQ4NjczNTk4MDIyNSUyMTNkNDUuNDMyNTM1OTI2Nzc5NDYlMjEzbTIlMjExaTEwMjQlMjEyaTc2OCUyMTRmMTMuMSUyMTNtMyUyMTFtMiUyMTFzMHg0Y2M5MTEzNDUyOTg5MDhmJTI1M0EweDYwZDc2ZTJjOGU1Y2FmNGUlMjEyc0VnbGlzZSUyQk5vdXZlYXV4JTJCRCUyNUMzJTI1QTlidXRzJTIxNWUwJTIxM20yJTIxMXNlbiUyMTJzY2ElMjE0djE0Njc4MjgxMzUyOTIlMjIlMjB3aWR0aCUzRCUyMjYwMCUyMiUyMGhlaWdodCUzRCUyMjUyMyUyMiUyMGZyYW1lYm9yZGVyJTNEJTIyMCUyMiUyMHN0eWxlJTNEJTIyYm9yZGVyJTNBMCUyMiUyMGFsbG93ZnVsbHNjcmVlbiUzRSUzQyUyRmlmcmFtZSUzRQ==\u00a0\u00bb][\/vc_column][\/vc_row]\n<\/div>","protected":false},"excerpt":{"rendered":"<p>[vc_row][vc_column][mk_revslider id=\u00a0\u00bbbanner-contact-fr\u00a0\u00bb][\/vc_column][\/vc_row][vc_row][vc_column][mk_padding_divider size=\u00a0\u00bb30&Prime;][vc_column_text] Ne soyez pas en retard \u00e0 l\u2019\u00e9glise ! Un service de navette r\u00e9serv\u00e9 pour les membres de l\u2019\u00c9glise Nouveaux D\u00e9buts demeurant \u00e0 ville LaSalle est disponible. Veuillez nous contacter vingt-quatre heures d\u2019avance afin de planifier votre itin\u00e9raire : (514) 363-1080 [\/vc_column_text][\/vc_column][\/vc_row][vc_row css=\u00a0\u00bb.vc_custom_1464313207161{margin-top: 50px !important;margin-bottom: 50px !important;}\u00a0\u00bb][vc_column width=\u00a0\u00bb1\/2&Prime; css=\u00a0\u00bb.vc_custom_1467164516572{margin-top: 0px !important;padding-top: 0px !important;}\u00a0\u00bb][vc_column_text] [&hellip;]<\/p>\n","protected":false},"author":1,"featured_media":0,"parent":0,"menu_order":0,"comment_status":"closed","ping_status":"closed","template":"","meta":{"footnotes":""},"class_list":["post-359","page","type-page","status-publish","hentry"],"_links":{"self":[{"href":"https:\/\/nbmchurch.org\/fr\/wp-json\/wp\/v2\/pages\/359"}],"collection":[{"href":"https:\/\/nbmchurch.org\/fr\/wp-json\/wp\/v2\/pages"}],"about":[{"href":"https:\/\/nbmchurch.org\/fr\/wp-json\/wp\/v2\/types\/page"}],"author":[{"embeddable":true,"href":"https:\/\/nbmchurch.org\/fr\/wp-json\/wp\/v2\/users\/1"}],"replies":[{"embeddable":true,"href":"https:\/\/nbmchurch.org\/fr\/wp-json\/wp\/v2\/comments?post=359"}],"version-history":[{"count":23,"href":"https:\/\/nbmchurch.org\/fr\/wp-json\/wp\/v2\/pages\/359\/revisions"}],"predecessor-version":[{"id":549,"href":"https:\/\/nbmchurch.org\/fr\/wp-json\/wp\/v2\/pages\/359\/revisions\/549"}],"wp:attachment":[{"href":"https:\/\/nbmchurch.org\/fr\/wp-json\/wp\/v2\/media?parent=359"}],"curies":[{"name":"wp","href":"https:\/\/api.w.org\/{rel}","templated":true}]}}