{"id":349,"date":"2016-07-13T08:58:09","date_gmt":"2016-07-13T12:58:09","guid":{"rendered":"http:\/\/nbmchurch.org\/wordpress\/fr\/?page_id=349"},"modified":"2017-06-12T14:24:10","modified_gmt":"2017-06-12T18:24:10","slug":"quatre-choses-que-nous-devons-savoir","status":"publish","type":"page","link":"https:\/\/nbmchurch.org\/fr\/fondements\/quatre-choses-que-nous-devons-savoir\/","title":{"rendered":"Quatre choses que nous devons savoir"},"content":{"rendered":"<div class=\"wpb-content-wrapper\">[vc_row][vc_column][mk_revslider id=\u00a0\u00bbbanner-fundamentals-four-things-fr\u00a0\u00bb][\/vc_column][\/vc_row][vc_row css=\u00a0\u00bb.vc_custom_1464313207161{margin-top: 50px !important;margin-bottom: 50px !important;}\u00a0\u00bb][vc_column width=\u00a0\u00bb1\/6&Prime; css=\u00a0\u00bb.vc_custom_1467164516572{margin-top: 0px !important;padding-top: 0px !important;}\u00a0\u00bb][vc_column_text] \u00a0 [\/vc_column_text][\/vc_column][vc_column width=\u00a0\u00bb4\/6&Prime;][vc_column_text]\n<h2>Quatre choses que nous devons savoir<\/h2>\n<p>&nbsp;<\/p>\n<ol>\n<li><strong>NOUS AVONS TOUS P\u00c9CH\u00c9 ET AVONS BESOIN D&rsquo;\u00caTRE SAUV\u00c9S<\/strong><\/li>\n<\/ol>\n<p style=\"margin-left: 45px;\">Car tous ont p\u00e9ch\u00e9 et sont priv\u00e9s de la gloire de Dieu. (Romains 3 : 23)<\/p>\n<p style=\"margin-left: 45px;\">Nous \u00e9tions tous errants comme des brebis, chacun suivait sa propre voie. (\u00c9sa\u00efe 53 : 6)<\/p>\n<p style=\"margin-left: 45px;\">Non, il n&rsquo;y a sur la terre point d&rsquo;homme juste qui fasse le bien et qui ne p\u00e8che jamais. (Eccl\u00e9siaste 7 : 20)<\/p>\n<p style=\"margin-left: 45px;\">Car le salaire du p\u00e9ch\u00e9, c&rsquo;est la mort. (Romains 6 : 23)<\/p>\n<p style=\"margin-left: 45px;\">Si un homme ne na\u00eet de nouveau, il ne peut voir le royaume de Dieu. (Jean 3 : 3)<\/p>\n<ol start=\"2\">\n<li><strong>NOUS NE POUVONS NOUS SAUVER NOUS-M\u00caMES<\/strong><\/li>\n<\/ol>\n<p style=\"padding-left: 45px;\">Telle voie para\u00eet droite \u00e0 un homme, mais son issue c&rsquo;est la voie de la mort. (Proverbes 14 : 12)<\/p>\n<p style=\"padding-left: 45px;\">Toute notre justice est comme un v\u00eatement souill\u00e9. (\u00c9sa\u00efe 64 : 5)<\/p>\n<p style=\"padding-left: 45px;\">Car c&rsquo;est par la gr\u00e2ce que vous \u00eates sauv\u00e9s, par le moyen de la foi. Et cela ne vient pas de vous, c&rsquo;est le don de Dieu. Ce n&rsquo;est point par les \u0153uvres, afin que personne ne se glorifie. (\u00c9ph\u00e9siens 2 : 8, 9)<\/p>\n<p style=\"padding-left: 45px;\">Il n&rsquo;y a de salut en aucun autre ; car il n&rsquo;y a sous le ciel aucun autre Nom qui ait \u00e9t\u00e9 donn\u00e9 parmi les hommes, par lequel nous devions \u00eatre sauv\u00e9s. (Actes 4 : 12)<\/p>\n<ol start=\"3\">\n<li><strong>DIEU A POURVU UN SAUVEUR<\/strong><\/li>\n<\/ol>\n<p style=\"padding-left: 45px;\">Car Dieu a tant aim\u00e9 le monde qu&rsquo;il a donn\u00e9 son Fils unique, afin que quiconque croit en Lui ne p\u00e9risse point, mais qu&rsquo;il ait la vie \u00e9ternelle. (Jean 3 : 16)<\/p>\n<p style=\"padding-left: 45px;\">Christ aussi a souffert une fois pour les p\u00e9ch\u00e9s, Lui juste pour des injustes, afin de nous amener \u00e0 Dieu. (1 Pierre 3 : 18)<\/p>\n<p style=\"padding-left: 45px;\">Le don gratuit de Dieu, c&rsquo;est la vie \u00e9ternelle en J\u00e9sus-Christ notre Seigneur. (Romains 6 : 23)<\/p>\n<p style=\"padding-left: 45px;\">J\u00e9sus lui dit : Je suis le chemin, la v\u00e9rit\u00e9, et la vie. Nul ne vient au P\u00e8re que par Moi. (Jean 14 : 6)<\/p>\n<ol start=\"4\">\n<li><strong>NOUS POUVONS \u00caTRE S\u00dbRS DE NOTRE SALUT AUJOURD&rsquo;HUI<\/strong><\/li>\n<\/ol>\n<p style=\"padding-left: 45px;\">Je vous ai \u00e9crit ces choses, \u00e0 vous qui croyez au nom du Fils de Dieu, afin que vous sachiez que vous avez la vie \u00e9ternelle. (1 Jean 5 : 13)<\/p>\n<p style=\"padding-left: 45px;\">En v\u00e9rit\u00e9, en v\u00e9rit\u00e9, je vous le dis, celui qui \u00e9coute Ma parole, et qui croit \u00e0 Celui qui m&rsquo;a envoy\u00e9, a la vie \u00e9ternelle et ne vient point en jugement, mais il est pass\u00e9 de la mort \u00e0 la vie. (Jean 5 : 24)<\/p>\n<p style=\"padding-left: 45px;\">Celui qui croit au Fils a la vie \u00e9ternelle ; celui qui ne croit pas au Fils ne verra point la vie, mais la col\u00e8re de Dieu demeure sur lui. (Jean 3 : 36)<\/p>\n<p style=\"padding-left: 45px;\">Mes brebis entendent Ma voix ; Je les connais, et elles Me suivent. Je leur donne la vie \u00e9ternelle ; et elles ne p\u00e9riront jamais, et personne ne les ravira de Ma main. (Jean 10 : 27, 28)<\/p>\n<p><strong>RECEVEZ LE SEIGNEUR J\u00c9SUS COMME VOTRE SAUVEUR MAINTENANT !<\/strong><\/p>\n<p style=\"padding-left: 45px;\">Crois au Seigneur J\u00e9sus, et tu seras sauv\u00e9. (Actes 16 : 31)<\/p>\n<p style=\"padding-left: 45px;\">Si tu confesses de ta bouche le Seigneur J\u00e9sus, et si tu crois dans ton c\u0153ur que Dieu l&rsquo;a ressuscit\u00e9 des morts, tu seras sauv\u00e9. (Romains 10 : 9)<\/p>\n<p style=\"padding-left: 45px;\">Voici maintenant le temps favorable, voici maintenant le jour du salut. (2 Corinthiens 6 : 2)<\/p>\n<p style=\"padding-left: 45px;\">C&rsquo;est pourquoi, vous aussi, tenez-vous pr\u00eats, car le Fils de l&rsquo;homme viendra \u00e0 l&rsquo;heure o\u00f9 vous n&rsquo;y penserez pas. (Matthieu 24 : 44)<\/p>\n<p><a href=\"https:\/\/nbmchurch.org\/fr\/fondements\/la-priere-du-salut\/\">La pri\u00e8re du salut<\/a> \u00bb[\/vc_column_text][\/vc_column][vc_column width=\u00a0\u00bb1\/6&Prime;][vc_column_text] \u00a0 [\/vc_column_text][\/vc_column][\/vc_row]\n<\/div>","protected":false},"excerpt":{"rendered":"<p>[vc_row][vc_column][mk_revslider id=\u00a0\u00bbbanner-fundamentals-four-things-fr\u00a0\u00bb][\/vc_column][\/vc_row][vc_row css=\u00a0\u00bb.vc_custom_1464313207161{margin-top: 50px !important;margin-bottom: 50px !important;}\u00a0\u00bb][vc_column width=\u00a0\u00bb1\/6&Prime; css=\u00a0\u00bb.vc_custom_1467164516572{margin-top: 0px !important;padding-top: 0px !important;}\u00a0\u00bb][vc_column_text] \u00a0 [\/vc_column_text][\/vc_column][vc_column width=\u00a0\u00bb4\/6&Prime;][vc_column_text] Quatre choses que nous devons savoir &nbsp; NOUS AVONS TOUS P\u00c9CH\u00c9 ET AVONS BESOIN D&rsquo;\u00caTRE SAUV\u00c9S Car tous ont p\u00e9ch\u00e9 et sont priv\u00e9s de la gloire de Dieu. (Romains 3 : 23) Nous \u00e9tions tous errants comme des brebis, [&hellip;]<\/p>\n","protected":false},"author":1,"featured_media":0,"parent":345,"menu_order":0,"comment_status":"closed","ping_status":"closed","template":"","meta":{"footnotes":""},"class_list":["post-349","page","type-page","status-publish","hentry"],"_links":{"self":[{"href":"https:\/\/nbmchurch.org\/fr\/wp-json\/wp\/v2\/pages\/349"}],"collection":[{"href":"https:\/\/nbmchurch.org\/fr\/wp-json\/wp\/v2\/pages"}],"about":[{"href":"https:\/\/nbmchurch.org\/fr\/wp-json\/wp\/v2\/types\/page"}],"author":[{"embeddable":true,"href":"https:\/\/nbmchurch.org\/fr\/wp-json\/wp\/v2\/users\/1"}],"replies":[{"embeddable":true,"href":"https:\/\/nbmchurch.org\/fr\/wp-json\/wp\/v2\/comments?post=349"}],"version-history":[{"count":4,"href":"https:\/\/nbmchurch.org\/fr\/wp-json\/wp\/v2\/pages\/349\/revisions"}],"predecessor-version":[{"id":446,"href":"https:\/\/nbmchurch.org\/fr\/wp-json\/wp\/v2\/pages\/349\/revisions\/446"}],"up":[{"embeddable":true,"href":"https:\/\/nbmchurch.org\/fr\/wp-json\/wp\/v2\/pages\/345"}],"wp:attachment":[{"href":"https:\/\/nbmchurch.org\/fr\/wp-json\/wp\/v2\/media?parent=349"}],"curies":[{"name":"wp","href":"https:\/\/api.w.org\/{rel}","templated":true}]}}