{"id":347,"date":"2016-07-13T08:49:29","date_gmt":"2016-07-13T12:49:29","guid":{"rendered":"http:\/\/nbmchurch.org\/wordpress\/fr\/?page_id=347"},"modified":"2016-07-14T20:26:21","modified_gmt":"2016-07-15T00:26:21","slug":"un-nouveau-debut-avec-jesus","status":"publish","type":"page","link":"https:\/\/nbmchurch.org\/fr\/fondements\/un-nouveau-debut-avec-jesus\/","title":{"rendered":"Un \u00ab nouveau d\u00e9but \u00bb avec J\u00e9sus"},"content":{"rendered":"<div class=\"wpb-content-wrapper\">[vc_row][vc_column][mk_revslider id=\u00a0\u00bbbanner-fundamentals-beginning-fr\u00a0\u00bb][\/vc_column][\/vc_row][vc_row][vc_column width=\u00a0\u00bb1\/6&Prime; css=\u00a0\u00bb.vc_custom_1467164516572{margin-top: 0px !important;padding-top: 0px !important;}\u00a0\u00bb][vc_column_text] \u00a0 [\/vc_column_text][\/vc_column][vc_column width=\u00a0\u00bb4\/6&Prime;][mk_padding_divider][mk_blockquote font_family=\u00a0\u00bbnone\u00a0\u00bb]Si quelqu\u2019un est en Christ, il est une nouvelle cr\u00e9ature. Les choses anciennes sont pass\u00e9es ; voici, toutes choses sont devenues nouvelles.<br \/>\n\u2014 2 Corinthiens 5 : 17[\/mk_blockquote][mk_padding_divider size=\u00a0\u00bb20&Prime;][vc_column_text]\n<h2>Un \u00ab nouveau d\u00e9but \u00bb avec J\u00e9sus<\/h2>\n<p>Si vous avez sinc\u00e8rement invit\u00e9 J\u00e9sus dans votre c\u0153ur et votre vie, votre relation avec le Tout Puissant, Cr\u00e9ateur de l&rsquo;univers, est restaur\u00e9e ! Vous \u00eates maintenant appel\u00e9s \u00ab\u00a0Chr\u00e9tien\u00a0\u00bb (Actes 11\u00a0: 26). Vous poss\u00e9dez maintenant un \u00ab Nouveau D\u00e9but\u00a0\u00bb\u00a0dans votre vie avec J\u00e9sus ! (2 Corinthiens 5 : 17).<\/p>\n<p>En investissant honn\u00eatement votre vie en Christ, vous avez d\u00e8s lors acc\u00e8s \u00e0 un Dieu de bont\u00e9. Il vous donnera l\u2019habilet\u00e9 n\u00e9cessaire \u00e0 faire face aux probl\u00e8mes de la vie, afin que vous puissiez les surmonter gr\u00e2ce \u00e0 Son aide et celle de Son peuple. Vous pouvez donc vivre une vie victorieuse dans le nom de J\u00e9sus ! En fait, les \u00e9nonc\u00e9s suivants s\u2019appliquent \u00e0 vous dor\u00e9navant\u00a0:<\/p>\n<h3>CHRIST A PARDONN\u00c9 VOS P\u00c9CH\u00c9S<\/h3>\n<p style=\"padding-left: 30px;\">Christ est mort pour nos p\u00e9ch\u00e9s&#8230; il a \u00e9t\u00e9 enseveli&#8230; il est ressuscit\u00e9 le troisi\u00e8me jour.<\/p>\n<p style=\"padding-left: 30px;\">Gr\u00e2ces soient rendues \u00e0 Dieu qui nous donne la victoire par notre Seigneur J\u00e9sus Christ ! Ainsi, soyez fermes, in\u00e9branlables. (1 Corinthiens 15 : 3-4, 57-58)<\/p>\n<h3>VOUS \u00caTES DEVENUS \u00ab\u00a0ENFANT DE DIEU\u00a0\u00bb<\/h3>\n<p style=\"padding-left: 30px;\">Voyez quel amour le P\u00e8re nous a t\u00e9moign\u00e9 pour que nous soyons appel\u00e9s enfants de Dieu ! Et nous le sommes. (1 Jean 3 : 1)<\/p>\n<p style=\"padding-left: 30px;\">Parce que vous \u00eates fils, Dieu a envoy\u00e9 dans nos c\u0153urs l&rsquo;Esprit de son Fils, lequel crie : Abba ! P\u00e8re ! (Galates 4 : 6)<\/p>\n<h3>LE SAINT ESPRIT HABITE EN VOUS<\/h3>\n<p style=\"padding-left: 30px;\">Ne savez-vous pas que votre corps est le temple du Saint Esprit qui est en vous, que vous avez re\u00e7u de Dieu et que vous ne vous appartenez point \u00e0 vous-m\u00eames ? Car vous avez \u00e9t\u00e9 rachet\u00e9s \u00e0 un grand prix. Glorifiez donc Dieu dans votre corps. (1 Corinthiens 6 : 19-20)<\/p>\n<h3>LE SAINT ESPRIT VOUS REND CAPABLE DE&#8230;<\/h3>\n<h3>MENER UNE VIE SAINTE<\/h3>\n<p style=\"padding-left: 30px;\">Ce n&rsquo;est pas un esprit de timidit\u00e9 que Dieu nous a donn\u00e9 ; au contraire, son Esprit nous remplit de force, d&rsquo;amour et de sagesse. (2 Timoth\u00e9e 1 : 7)<\/p>\n<p style=\"padding-left: 30px;\">Ceux qui vivent selon la chair s&rsquo;affectionnent aux choses de la chair, tandis que ceux qui vivent selon l&rsquo;Esprit s&rsquo;affectionnent aux choses de l&rsquo;Esprit. (Romains 8 : 5)<\/p>\n<h3>R\u00c9SISTER \u00c0 LA TENTATION<\/h3>\n<p style=\"padding-left: 30px;\">Le Seigneur a dit : Ma gr\u00e2ce te suffit, car ma puissance s&rsquo;accomplit dans la faiblesse.\u00a0(2 Corinthiens 12 : 9)<\/p>\n<p style=\"padding-left: 30px;\">L&rsquo;Esprit nous aide dans notre faiblesse, car nous ne savons pas ce qu&rsquo;il convient de demander dans nos pri\u00e8res. Mais l&rsquo;Esprit lui-m\u00eame interc\u00e8de&#8230; c&rsquo;est selon Dieu que l&rsquo;Esprit interc\u00e8de en faveur des saints. (Romains 8 : 26-27)<\/p>\n<h3>R\u00c9PANDRE L&rsquo;\u00c9VANGILE<\/h3>\n<p style=\"padding-left: 30px;\">L&rsquo;\u00c9vangile ne vous a pas \u00e9t\u00e9 pr\u00each\u00e9 en paroles seulement, mais avec puissance, avec l&rsquo;Esprit-<\/p>\n<p style=\"padding-left: 30px;\">Saint et avec une pleine persuasion. (1 Thessaloniciens 1 : 5)<\/p>\n<p style=\"padding-left: 30px;\">Les ap\u00f4tres rendaient avec beaucoup de force t\u00e9moignage de la r\u00e9surrection du Seigneur J\u00e9sus. Et une grande gr\u00e2ce reposait sur eux tous. (Actes 4 : 33)<\/p>\n<h3>COMBATTRE UN ADVERSAIRE REDOUTABLE<\/h3>\n<p style=\"padding-left: 30px;\">Soyez sobres, veillez. Votre adversaire, le diable, r\u00f4de comme un lion rugissant, cherchant qui il d\u00e9vorera. R\u00e9sistez-lui avec une foi ferme, sachant que les m\u00eames souffrances sont impos\u00e9es \u00e0 vos fr\u00e8res dans le monde. (1 Pierre 5 : 8-9)<\/p>\n<h3>VOTRE FOI SERA FORTIFI\u00c9E EN\u2026<\/h3>\n<h3>LISANT LA BIBLE<\/h3>\n<p style=\"padding-left: 30px;\">Toute \u00c9criture est inspir\u00e9e de Dieu et utile pour enseigner, pour convaincre, pour corriger, pour instruire dans la justice afin que l&rsquo;homme de Dieu soit accompli et propre \u00e0 toute bonne \u0153uvre.\u00a0(2 Timoth\u00e9e 3 : 16-17)<\/p>\n<p style=\"padding-left: 30px;\">Je serre ta parole dans mon c\u0153ur afin de ne pas p\u00e9cher contre toi. (Psaume 119 : 11)<\/p>\n<h3>PRIANT<\/h3>\n<p>Pers\u00e9v\u00e9rez dans la pri\u00e8re, veillez-y avec actions de gr\u00e2ces. (Colossiens 4 : 2)<\/p>\n<p style=\"padding-left: 30px;\">Quand tu pries, entre dans ta chambre, ferme ta porte et prie ton P\u00e8re qui est l\u00e0 dans le lieu secret ; et ton P\u00e8re qui voit dans le secret, te le rendra. (Matthieu 6 : 6)<\/p>\n<h3>VOUS JOIGNANT \u00c0 D&rsquo;AUTRES CHR\u00c9TIENS<\/h3>\n<p style=\"padding-left: 30px;\">Ils pers\u00e9v\u00e9raient dans l&rsquo;enseignement des ap\u00f4tres, dans la communion fraternelle, dans la fraction du pain et dans les pri\u00e8res. (Actes 2 : 42)<\/p>\n<p style=\"padding-left: 30px;\">Veillons les uns sur les autres pour nous exciter \u00e0 l&rsquo;amour et aux bonnes \u0153uvres. N&rsquo;abandonnons pas notre assembl\u00e9e, comme c&rsquo;est la coutume de quelques-uns ; mais exhortons-nous r\u00e9ciproquement. (H\u00e9breux 10 : 24-25)<\/p>\n<h3>COMPTANT SUR CHRIST ET NON SUR VOUS-M\u00caMES<\/h3>\n<p style=\"padding-left: 30px;\">Je puis tout par Celui qui me fortifie. (Philippiens 4 : 13)<\/p>\n<p style=\"padding-left: 30px;\">Dieu a dit : Je ne te d\u00e9laisserai point et je ne t&rsquo;abandonnerai point. C&rsquo;est donc avec assurance que nous pouvons dire : Le Seigneur est mon aide, je ne craindrai rien. Que peut me faire un homme ? (H\u00e9breux 13 : 5-6)<\/p>\n<h3>ANNON\u00c7ANT LA BONNE NOUVELLE AUTOUR DE VOUS<\/h3>\n<p style=\"padding-left: 30px;\">Chaque jour dans le temple et dans les maisons, ils ne cessaient d&rsquo;enseigner et d&rsquo;annoncer la bonne nouvelle de J\u00e9sus Christ. (Actes 5 : 42)<\/p>\n<p style=\"padding-left: 30px;\">L&rsquo;Ap\u00f4tre Paul \u00e9crit : \u00c0 moi qui suis le moindre de tous les saints, cette gr\u00e2ce a \u00e9t\u00e9 accord\u00e9e d&rsquo;annoncer aux pa\u00efens les richesses incompr\u00e9hensibles de Christ. (\u00c9ph\u00e9siens 3 : 8)<\/p>\n<h3><img loading=\"lazy\" decoding=\"async\" class=\"alignnone wp-image-129 size-full\" style=\"margin-bottom: 15px;\" src=\"https:\/\/nbmchurch.org\/wp-content\/uploads\/fundamentals-03.jpg\" alt=\"fundamentals-03\" width=\"1000\" height=\"405\" srcset=\"https:\/\/nbmchurch.org\/wp-content\/uploads\/fundamentals-03.jpg 1000w, https:\/\/nbmchurch.org\/wp-content\/uploads\/fundamentals-03-300x122.jpg 300w\" sizes=\"(max-width: 1000px) 100vw, 1000px\" \/><\/h3>\n<h3>VOTRE VIE EST TRANSFORM\u00c9E. ELLE SERA&#8230;<\/h3>\n<h3>DIFF\u00c9RENTE<\/h3>\n<p style=\"padding-left: 30px;\">Ne vous conformez pas au si\u00e8cle pr\u00e9sent, mais soyez transform\u00e9s par le renouvellement de l&rsquo;intelligence. (Romains 12 : 2)<\/p>\n<p style=\"padding-left: 30px;\">Quiconque prononce le nom du Seigneur, qu&rsquo;il s&rsquo;\u00e9loigne de l&rsquo;iniquit\u00e9. (2 Timoth\u00e9e 2 : 19)<\/p>\n<h3>HONN\u00caTE<\/h3>\n<p style=\"padding-left: 30px;\">Que celui qui d\u00e9robait ne d\u00e9robe plus ; mais plut\u00f4t qu&rsquo;il travaille en faisant de ses mains ce qui est bien. (\u00c9ph\u00e9siens 4 : 28)<\/p>\n<h3>PURE<\/h3>\n<p style=\"padding-left: 30px;\">Fuis les passions de la jeunesse et recherche la justice, la foi, l&rsquo;amour, la paix avec ceux qui invoquent le Seigneur d&rsquo;un c\u0153ur pur. (2 Timoth\u00e9e 2 : 22)<\/p>\n<h3>HUMBLE<\/h3>\n<p style=\"padding-left: 30px;\">Tous, dans vos rapports mutuels, rev\u00eatez-vous d\u2019humilit\u00e9 ; car Dieu r\u00e9siste aux orgueilleux, mais il fait gr\u00e2ce aux humbles. (1 Pierre 5 : 5)<\/p>\n<h3>COMPATISSANTE<\/h3>\n<p style=\"padding-left: 30px;\">Soyez bons les uns envers les autres, compatissants, vous pardonnant r\u00e9ciproquement, comme Dieu vous a pardonn\u00e9 en Christ. (\u00c9ph\u00e9siens 4 : 32)<\/p>\n<h3>D\u00c9SORMAIS VOUS VIVEZ DANS L&rsquo;ATTENTE DU RETOUR DE J\u00c9SUS CHRIST.<\/h3>\n<p style=\"padding-left: 30px;\">La gr\u00e2ce de Dieu, source de salut pour tous les hommes, a \u00e9t\u00e9 manifest\u00e9e. Elle nous enseigne \u00e0 renoncer \u00e0 l&rsquo;impi\u00e9t\u00e9 et aux convoitises mondaines et \u00e0 vivre dans le si\u00e8cle pr\u00e9sent selon la sagesse, la justice et la pi\u00e9t\u00e9 en attendant la bienheureuse esp\u00e9rance et la manifestation de la gloire de notre grand Dieu et Sauveur J\u00e9sus Christ. Il s&rsquo;est donn\u00e9 Lui-m\u00eame pour nous afin de nous racheter de toute iniquit\u00e9 et de se faire un peuple qui Lui appartienne purifi\u00e9 par Lui et z\u00e9l\u00e9 pour les bonnes \u0153uvres. (Tite 2 : 11-14)<\/p>\n[\/vc_column_text][\/vc_column][vc_column width=\u00a0\u00bb1\/6&Prime;][vc_column_text] \u00a0 [\/vc_column_text][\/vc_column][\/vc_row]\n<\/div>","protected":false},"excerpt":{"rendered":"<p>[vc_row][vc_column][mk_revslider id=\u00a0\u00bbbanner-fundamentals-beginning-fr\u00a0\u00bb][\/vc_column][\/vc_row][vc_row][vc_column width=\u00a0\u00bb1\/6&Prime; css=\u00a0\u00bb.vc_custom_1467164516572{margin-top: 0px !important;padding-top: 0px !important;}\u00a0\u00bb][vc_column_text] \u00a0 [\/vc_column_text][\/vc_column][vc_column width=\u00a0\u00bb4\/6&Prime;][mk_padding_divider][mk_blockquote font_family=\u00a0\u00bbnone\u00a0\u00bb]Si quelqu\u2019un est en Christ, il est une nouvelle cr\u00e9ature. Les choses anciennes sont pass\u00e9es ; voici, toutes choses sont devenues nouvelles. \u2014 2 Corinthiens 5 : 17[\/mk_blockquote][mk_padding_divider size=\u00a0\u00bb20&Prime;][vc_column_text] Un \u00ab nouveau d\u00e9but \u00bb avec J\u00e9sus Si vous avez sinc\u00e8rement invit\u00e9 J\u00e9sus dans votre [&hellip;]<\/p>\n","protected":false},"author":1,"featured_media":0,"parent":345,"menu_order":0,"comment_status":"closed","ping_status":"closed","template":"","meta":{"footnotes":""},"class_list":["post-347","page","type-page","status-publish","hentry"],"_links":{"self":[{"href":"https:\/\/nbmchurch.org\/fr\/wp-json\/wp\/v2\/pages\/347"}],"collection":[{"href":"https:\/\/nbmchurch.org\/fr\/wp-json\/wp\/v2\/pages"}],"about":[{"href":"https:\/\/nbmchurch.org\/fr\/wp-json\/wp\/v2\/types\/page"}],"author":[{"embeddable":true,"href":"https:\/\/nbmchurch.org\/fr\/wp-json\/wp\/v2\/users\/1"}],"replies":[{"embeddable":true,"href":"https:\/\/nbmchurch.org\/fr\/wp-json\/wp\/v2\/comments?post=347"}],"version-history":[{"count":7,"href":"https:\/\/nbmchurch.org\/fr\/wp-json\/wp\/v2\/pages\/347\/revisions"}],"predecessor-version":[{"id":402,"href":"https:\/\/nbmchurch.org\/fr\/wp-json\/wp\/v2\/pages\/347\/revisions\/402"}],"up":[{"embeddable":true,"href":"https:\/\/nbmchurch.org\/fr\/wp-json\/wp\/v2\/pages\/345"}],"wp:attachment":[{"href":"https:\/\/nbmchurch.org\/fr\/wp-json\/wp\/v2\/media?parent=347"}],"curies":[{"name":"wp","href":"https:\/\/api.w.org\/{rel}","templated":true}]}}