{"id":345,"date":"2016-07-13T08:41:28","date_gmt":"2016-07-13T12:41:28","guid":{"rendered":"http:\/\/nbmchurch.org\/wordpress\/fr\/?page_id=345"},"modified":"2017-06-13T14:20:06","modified_gmt":"2017-06-13T18:20:06","slug":"fondements","status":"publish","type":"page","link":"https:\/\/nbmchurch.org\/fr\/fondements\/","title":{"rendered":"Fondements"},"content":{"rendered":"<div class=\"wpb-content-wrapper\">[vc_row][vc_column][mk_revslider id=\u00a0\u00bbbanner-fundamentals-fr\u00a0\u00bb][\/vc_column][\/vc_row][vc_row css=\u00a0\u00bb.vc_custom_1464313207161{margin-top: 50px !important;margin-bottom: 50px !important;}\u00a0\u00bb][vc_column width=\u00a0\u00bb1\/6&Prime; css=\u00a0\u00bb.vc_custom_1467164516572{margin-top: 0px !important;padding-top: 0px !important;}\u00a0\u00bb][vc_column_text]\n<p>&nbsp;<\/p>\n[\/vc_column_text][\/vc_column][vc_column width=\u00a0\u00bb4\/6&Prime;][vc_column_text]\n<h2>La v\u00e9rit\u00e9 biblique \u2013 n\u00e9cessaire d\u2019\u00eatre partag\u00e9e !<\/h2>\n<p>Consid\u00e9r\u00e9e comme le <em>\u00ab\u00a0Best-Seller\u00a0\u00bb<\/em> de tous les temps, la Bible est sans contredit le livre le plus influent de l\u2019histoire. Jouant un r\u00f4le des plus marquants, les Saintes \u00c9critures ont fa\u00e7onn\u00e9 la destin\u00e9e d\u2019une multitude de gens, touchant peuples et nations plus que tout autre \u00e9crit. La Bible n\u2019inspire pas seulement le croyant, mais elle explique aussi les raisons de notre existence. M\u00eame si elle n\u2019offre pas une solution \u00e0 toutes nos questions, la Bible r\u00e9pond toutefois aux probl\u00e8mes fondamentaux auxquels nous devons tous faire face. Elle nous enseigne \u00e0 vivre avec d\u00e9termination et compassion. Elle nous dirige et nous encourage \u00e0 faire confiance \u00e0 l&rsquo;\u00c9ternel quand \u00e0 recevoir les forces n\u00e9cessaires afin d\u2019affronter les emb\u00fbches de la vie.<\/p>\n<p>Selon les Saintes \u00c9critures, nous comprenons que nos p\u00e9ch\u00e9s nous s\u00e9parent d\u2019un Dieu qui est Saint. Nous apprenons que Dieu d\u00e9sire la r\u00e9conciliation entre Lui et l\u2019humanit\u00e9. Il d\u00e9sire vivement une relation sinc\u00e8re avec nous. Le Seigneur est si bon qu\u2019Il a pourvu le moyen de restaurer cette relation avec nous. Mais avant tout, nous devons comprendre et accepter les fondements bibliques suivants\u00a0:<\/p>\n<ul>\n<li><a href=\"https:\/\/nbmchurch.org\/fr\/fondements\/quatre-choses-que-nous-devons-savoir\/\">QUATRE CHOSES QUE NOUS DEVONS SAVOIR<\/a><\/li>\n<li><a href=\"https:\/\/nbmchurch.org\/fr\/la-priere-du-salut\/\">LA PRI\u00c8RE DU SALUT<\/a><\/li>\n<li><a href=\"https:\/\/nbmchurch.org\/fr\/fondements\/un-nouveau-debut-avec-jesus\/\">UN \u00ab\u00a0NOUVEAU D\u00c9BUT\u00a0\u00bb AVEC J\u00c9SUS<\/a><\/li>\n<\/ul>\n[\/vc_column_text][\/vc_column][vc_column width=\u00a0\u00bb1\/6&Prime;][vc_column_text]\n<p>&nbsp;<\/p>\n[\/vc_column_text][\/vc_column][\/vc_row]\n<\/div>","protected":false},"excerpt":{"rendered":"<p>[vc_row][vc_column][mk_revslider id=\u00a0\u00bbbanner-fundamentals-fr\u00a0\u00bb][\/vc_column][\/vc_row][vc_row css=\u00a0\u00bb.vc_custom_1464313207161{margin-top: 50px !important;margin-bottom: 50px !important;}\u00a0\u00bb][vc_column width=\u00a0\u00bb1\/6&Prime; css=\u00a0\u00bb.vc_custom_1467164516572{margin-top: 0px !important;padding-top: 0px !important;}\u00a0\u00bb][vc_column_text] &nbsp; [\/vc_column_text][\/vc_column][vc_column width=\u00a0\u00bb4\/6&Prime;][vc_column_text] La v\u00e9rit\u00e9 biblique \u2013 n\u00e9cessaire d\u2019\u00eatre partag\u00e9e ! Consid\u00e9r\u00e9e comme le \u00ab\u00a0Best-Seller\u00a0\u00bb de tous les temps, la Bible est sans contredit le livre le plus influent de l\u2019histoire. Jouant un r\u00f4le des plus marquants, les Saintes \u00c9critures ont fa\u00e7onn\u00e9 [&hellip;]<\/p>\n","protected":false},"author":1,"featured_media":0,"parent":0,"menu_order":0,"comment_status":"closed","ping_status":"closed","template":"","meta":{"footnotes":""},"class_list":["post-345","page","type-page","status-publish","hentry"],"_links":{"self":[{"href":"https:\/\/nbmchurch.org\/fr\/wp-json\/wp\/v2\/pages\/345"}],"collection":[{"href":"https:\/\/nbmchurch.org\/fr\/wp-json\/wp\/v2\/pages"}],"about":[{"href":"https:\/\/nbmchurch.org\/fr\/wp-json\/wp\/v2\/types\/page"}],"author":[{"embeddable":true,"href":"https:\/\/nbmchurch.org\/fr\/wp-json\/wp\/v2\/users\/1"}],"replies":[{"embeddable":true,"href":"https:\/\/nbmchurch.org\/fr\/wp-json\/wp\/v2\/comments?post=345"}],"version-history":[{"count":3,"href":"https:\/\/nbmchurch.org\/fr\/wp-json\/wp\/v2\/pages\/345\/revisions"}],"predecessor-version":[{"id":448,"href":"https:\/\/nbmchurch.org\/fr\/wp-json\/wp\/v2\/pages\/345\/revisions\/448"}],"wp:attachment":[{"href":"https:\/\/nbmchurch.org\/fr\/wp-json\/wp\/v2\/media?parent=345"}],"curies":[{"name":"wp","href":"https:\/\/api.w.org\/{rel}","templated":true}]}}