{"id":343,"date":"2016-07-13T08:36:21","date_gmt":"2016-07-13T12:36:21","guid":{"rendered":"http:\/\/nbmchurch.org\/wordpress\/fr\/?page_id=343"},"modified":"2017-06-12T14:26:06","modified_gmt":"2017-06-12T18:26:06","slug":"la-priere-du-salut","status":"publish","type":"page","link":"https:\/\/nbmchurch.org\/fr\/fondements\/la-priere-du-salut\/","title":{"rendered":"La pri\u00e8re du salut"},"content":{"rendered":"<div class=\"wpb-content-wrapper\">[vc_row][vc_column][mk_revslider id=\u00a0\u00bbbanner-fundamentals-prayer-fr\u00a0\u00bb][\/vc_column][\/vc_row][vc_row css=\u00a0\u00bb.vc_custom_1464313207161{margin-top: 50px !important;margin-bottom: 50px !important;}\u00a0\u00bb][vc_column width=\u00a0\u00bb1\/6&Prime; css=\u00a0\u00bb.vc_custom_1467164516572{margin-top: 0px !important;padding-top: 0px !important;}\u00a0\u00bb][vc_column_text]\n<p>&nbsp;<\/p>\n[\/vc_column_text][\/vc_column][vc_column width=\u00a0\u00bb4\/6&Prime;][vc_column_text]\n<h2>La pri\u00e8re du salut<\/h2>\n<p>La Bible nous enseigne comment \u00eatre lib\u00e9r\u00e9 du p\u00e9ch\u00e9 et ainsi recevoir la vie \u00e9ternelle. Directement ou indirectement, l\u2019Ancien et le Nouveau Testament nous pr\u00e9sente justement J\u00e9sus Christ comme \u00e9tant Sauveur du monde. Afin d\u2019\u00eatre sauv\u00e9s, nous aimerions avoir la certitude que tous et chacun de vous lisent attentivement et prononcent les paroles qui suivent.<\/p>\n<p>S.V.P. Prononcez la pri\u00e8re suivante\u00a0:<em>\u00a0<\/em><\/p>\n<p style=\"padding-left: 30px;\"><em>P\u00e8re \u00c9ternel, je viens \u00e0 Toi dans le Nom de J\u00e9sus. Je reconnais avoir p\u00e9ch\u00e9. Je regrette les fautes que j\u2019ai commises et la vie que j\u2019ai v\u00e9cue. Je te demande pardon. Je d\u00e9sire maintenant tourner le dos au p\u00e9ch\u00e9.<\/em><em>\u00a0<\/em><\/p>\n<p style=\"padding-left: 30px;\"><em>P\u00e8re, je crois que J\u00e9sus Christ, Ton Fils unique, a vers\u00e9 Son pr\u00e9cieux sang sur la croix du Calvaire et est mort pour mes p\u00e9ch\u00e9s. De tout mon c\u0153ur, je crois que Tu l\u2019as ressuscit\u00e9 des morts le troisi\u00e8me jour.<\/em><em>\u00a0<\/em><\/p>\n<p style=\"padding-left: 30px;\"><em>Je te demande J\u00e9sus d\u2019habiter dans mon c\u0153ur, d\u2019\u00eatre le Seigneur dans ma vie et de devenir mon Sauveur personnel.<\/em><em style=\"line-height: 1.5;\">\u00a0<\/em><\/p>\n<p style=\"padding-left: 30px;\"><em>P\u00e8re, je te demande de me donner Ton Saint-Esprit afin qu\u2019Il me remplisse, prot\u00e8ge, conseille, enseigne et me dirige. Envoie Tes anges afin de m\u2019entourer et me prot\u00e9ger de satan et des forces des t\u00e9n\u00e8bres. Donne-moi la force et le courage de pouvoir changer mes habitudes, afin de r\u00e9sister au diable et ainsi \u00e9viter le p\u00e9ch\u00e9 dans le futur.<\/em><em>\u00a0<\/em><\/p>\n<p style=\"padding-left: 30px;\"><em>Aide-moi \u00e0 grandir en sagesse, dans la connaissance et dans l\u2019amour pour Toi et Ta Parole. Je te soumets ma vie afin d&rsquo;apporter \u00e0 Toi seul gloire et honneur.<\/em><em>\u00a0<\/em><\/p>\n<p style=\"padding-left: 30px;\"><em>Je prie et demande ces choses dans le nom de J\u00e9sus Christ, Amen !<\/em><\/p>\n<p><a href=\"https:\/\/nbmchurch.org\/fr\/fondements\/un-nouveau-debut-avec-jesus\/\">Un \u00ab nouveau d\u00e9but \u00bb avec J\u00e9sus<\/a> \u00bb[\/vc_column_text][\/vc_column][vc_column width=\u00a0\u00bb1\/6&Prime;][vc_column_text]\n<p>&nbsp;<\/p>\n[\/vc_column_text][\/vc_column][\/vc_row]\n<\/div>","protected":false},"excerpt":{"rendered":"<p>[vc_row][vc_column][mk_revslider id=\u00a0\u00bbbanner-fundamentals-prayer-fr\u00a0\u00bb][\/vc_column][\/vc_row][vc_row css=\u00a0\u00bb.vc_custom_1464313207161{margin-top: 50px !important;margin-bottom: 50px !important;}\u00a0\u00bb][vc_column width=\u00a0\u00bb1\/6&Prime; css=\u00a0\u00bb.vc_custom_1467164516572{margin-top: 0px !important;padding-top: 0px !important;}\u00a0\u00bb][vc_column_text] &nbsp; [\/vc_column_text][\/vc_column][vc_column width=\u00a0\u00bb4\/6&Prime;][vc_column_text] La pri\u00e8re du salut La Bible nous enseigne comment \u00eatre lib\u00e9r\u00e9 du p\u00e9ch\u00e9 et ainsi recevoir la vie \u00e9ternelle. Directement ou indirectement, l\u2019Ancien et le Nouveau Testament nous pr\u00e9sente justement J\u00e9sus Christ comme \u00e9tant Sauveur du monde. Afin d\u2019\u00eatre [&hellip;]<\/p>\n","protected":false},"author":1,"featured_media":0,"parent":345,"menu_order":0,"comment_status":"closed","ping_status":"closed","template":"","meta":{"footnotes":""},"class_list":["post-343","page","type-page","status-publish","hentry"],"_links":{"self":[{"href":"https:\/\/nbmchurch.org\/fr\/wp-json\/wp\/v2\/pages\/343"}],"collection":[{"href":"https:\/\/nbmchurch.org\/fr\/wp-json\/wp\/v2\/pages"}],"about":[{"href":"https:\/\/nbmchurch.org\/fr\/wp-json\/wp\/v2\/types\/page"}],"author":[{"embeddable":true,"href":"https:\/\/nbmchurch.org\/fr\/wp-json\/wp\/v2\/users\/1"}],"replies":[{"embeddable":true,"href":"https:\/\/nbmchurch.org\/fr\/wp-json\/wp\/v2\/comments?post=343"}],"version-history":[{"count":3,"href":"https:\/\/nbmchurch.org\/fr\/wp-json\/wp\/v2\/pages\/343\/revisions"}],"predecessor-version":[{"id":447,"href":"https:\/\/nbmchurch.org\/fr\/wp-json\/wp\/v2\/pages\/343\/revisions\/447"}],"up":[{"embeddable":true,"href":"https:\/\/nbmchurch.org\/fr\/wp-json\/wp\/v2\/pages\/345"}],"wp:attachment":[{"href":"https:\/\/nbmchurch.org\/fr\/wp-json\/wp\/v2\/media?parent=343"}],"curies":[{"name":"wp","href":"https:\/\/api.w.org\/{rel}","templated":true}]}}