{"id":332,"date":"2016-07-13T07:46:04","date_gmt":"2016-07-13T11:46:04","guid":{"rendered":"http:\/\/nbmchurch.org\/wordpress\/fr\/?page_id=332"},"modified":"2019-06-28T14:36:47","modified_gmt":"2019-06-28T18:36:47","slug":"pasteurs","status":"publish","type":"page","link":"https:\/\/nbmchurch.org\/fr\/pasteurs\/","title":{"rendered":"Pasteurs"},"content":{"rendered":"<div class=\"wpb-content-wrapper\">[vc_row][vc_column][mk_revslider id=\u00a0\u00bbbanner-pastors-fr\u00a0\u00bb][\/vc_column][\/vc_row][vc_row css=\u00a0\u00bb.vc_custom_1464313207161{margin-top: 50px !important;margin-bottom: 50px !important;}\u00a0\u00bb][vc_column width=\u00a0\u00bb1\/6&Prime; css=\u00a0\u00bb.vc_custom_1467164516572{margin-top: 0px !important;padding-top: 0px !important;}\u00a0\u00bb][vc_column_text]\n<p>&nbsp;<\/p>\n[\/vc_column_text][\/vc_column][vc_column width=\u00a0\u00bb4\/6&Prime;][vc_column_text]\n<h2>Pasteur St\u00e9phane Chauvette<\/h2>\n<p>Pasteur St\u00e9phane Chauvette est le Pasteur Senior de l\u2019\u00c9glise Nouveaux D\u00e9buts de ville LaSalle, Qu\u00e9bec. Avant d\u2019assumer cette responsabilit\u00e9, il remplissait fid\u00e8lement le poste de Pasteur Associ\u00e9 du minist\u00e8re depuis plus de trente ans. Pasteur St\u00e9phane est aussi le leader de la louange, guidant chaque semaine l\u2019assembl\u00e9e \u00e0 travers de merveilleux temps d\u2019adoration \u2013 invitant le peuple de Dieu \u00e0 s\u2019impr\u00e9gner de la pr\u00e9sence tangible du Seigneur !<\/p>\n<p><img loading=\"lazy\" decoding=\"async\" class=\"alignleft wp-image-150\" src=\"https:\/\/nbmchurch.org\/wp-content\/uploads\/pastors-01-267x300.jpg\" alt=\"Paster Stephane Chauvette\" width=\"178\" height=\"200\" \/><\/p>\n<p>N\u00e9 et \u00e9lev\u00e9 \u00e0 Montr\u00e9al, Pasteur St\u00e9phane a toujours d\u00e9montr\u00e9 un amour sinc\u00e8re pour le Seigneur. D\u00e8s son jeune \u00e2ge, il savait qu\u2019il voulait servir J\u00e9sus pour le reste de sa vie. M\u00eame s\u2019il avait d\u00e9j\u00e0 ouvert son c\u0153ur au Seigneur \u00e0 l\u2019\u00e2ge de onze ans, le 14 avril 1976, il a une fois pour toute d\u00e9di\u00e9 sa vie dans sa jeune vingtaine (1989), suite au t\u00e9moignage de Pasteur Mimi concernant la bont\u00e9 du Seigneur. Durant les quelques ann\u00e9es qui suivirent, il grandit rapidement dans la connaissance des \u00c9critures et est nomm\u00e9 Pasteur Associ\u00e9 en 1994 \u2013 demeurant un fid\u00e8le appui aux Pasteurs Russell et Mimi jusqu\u2019au moment de leur retraite.<\/p>\n<p>Sans aucun doute, le Pasteur St\u00e9phane Chauvette conduit ses brebis de mani\u00e8re vraiment unique. Un pr\u00e9dicateur et enseignant grandement oint, sa fa\u00e7on particuli\u00e8re de livrer la Parole de Dieu est hors de l\u2019ordinaire \u2013 enflammant le c\u0153ur des croyants tout en les stimulant \u00e0 produire les r\u00e9sultats n\u00e9cessaires, ayant la puissance de changer leurs vies. Sous sa tutelle, les \u00e2mes de la congr\u00e9gation sont toujours motiv\u00e9es par l\u2019amour de Dieu. Enfin, depuis plus de trois d\u00e9cennies, ses \u00e9missions radio inspirantes ont transform\u00e9 la vie de plusieurs Chr\u00e9tiens. En onde \u00e0 l\u2019antenne de la <a href=\"http:\/\/www.wchp.com\/\" target=\"_blank\" rel=\"noopener\">Radio Chr\u00e9tienne WCHP 760 AM<\/a> en fran\u00e7ais et en anglais, le Pasteur Chauvette encourage le Corps du Christ \u00e0 demeurer fid\u00e8le \u00e0 la Parole de Dieu, quelles qu\u2019en soient les \u00e9preuves.<\/p>\n<p>Auteur, artiste, graphiste, historien, musicien et ministre \u2013 la vie du Pasteur St\u00e9phane est d\u00e9di\u00e9e \u00e0 l\u2019in\u00e9branlable Parole du Seigneur, proclamant fid\u00e8lement la pl\u00e9nitude des Saintes \u00c9critures jusqu\u2019au retour imminent du Christ J\u00e9sus. Son but ultime n\u2019est pas seulement de partager le message du Salut aux \u00e2mes perdues, mais aussi \u00e0 \u00e9quiper une \u00ab\u00a0Nouvelle G\u00e9n\u00e9ration\u00a0\u00bb afin qu\u2019elle soit ferme, courageuse et d\u00e9vou\u00e9e au Roi des Rois !\u00a0 Aid\u00e9 d\u2019une connaissance hors du commun, d\u2019une compr\u00e9hension et d\u2019une m\u00e9moire exceptionnelle des \u00c9critures, le Pasteur St\u00e9phane Chauvette conduit sa congr\u00e9gation avec des pr\u00e9dications excitantes toujours remplies de vie. Tous ses messages sont intenses et illustr\u00e9s \u00e0 l\u2019aide de plusieurs anecdotes historiques \u2013 assaisonn\u00e9s d\u2019une petite touche d\u2019humour.<\/p>\n<p>Pr\u00e9sentement, le Pasteur St\u00e9phane Chauvette tient un Coll\u00e8ge Biblique d\u2019une dur\u00e9e d\u2019un an, auquel plus de quatre-vingt (80) \u00e9tudiants se sont inscrits et o\u00f9 les principes fondamentaux du Christianisme y sont m\u00e9ticuleusement \u00e9tudi\u00e9s \u00e0 travers douze semestres majeurs. Le Pasteur Chauvette travaille \u00e9galement sur plusieurs projets, dont deux volumes succ\u00e9dant \u00e0 son livre populaire \u2013 La Derni\u00e8re Chance du Diable, parut en 1996.[\/vc_column_text][vc_row_inner][vc_column_inner width=\u00a0\u00bb1\/12&Prime;][\/vc_column_inner][vc_column_inner width=\u00a0\u00bb2\/12&Prime;][mk_image src=\u00a0\u00bbhttps:\/\/nbmchurch.org\/wp-content\/uploads\/semester1thewordofgod3ds.png\u00a0\u00bb image_size=\u00a0\u00bbfull\u00a0\u00bb lightbox=\u00a0\u00bbtrue\u00a0\u00bb align=\u00a0\u00bbcenter\u00a0\u00bb][\/vc_column_inner][vc_column_inner width=\u00a0\u00bb2\/12&Prime;][mk_image src=\u00a0\u00bbhttps:\/\/nbmchurch.org\/wp-content\/uploads\/semester1thewordofgodaddendum3ds.png\u00a0\u00bb image_size=\u00a0\u00bbfull\u00a0\u00bb lightbox=\u00a0\u00bbtrue\u00a0\u00bb align=\u00a0\u00bbcenter\u00a0\u00bb][\/vc_column_inner][vc_column_inner width=\u00a0\u00bb2\/12&Prime;][mk_image src=\u00a0\u00bbhttps:\/\/nbmchurch.org\/wp-content\/uploads\/semester2faith3ds.png\u00a0\u00bb image_size=\u00a0\u00bbfull\u00a0\u00bb lightbox=\u00a0\u00bbtrue\u00a0\u00bb align=\u00a0\u00bbcenter\u00a0\u00bb][\/vc_column_inner][vc_column_inner width=\u00a0\u00bb2\/12&Prime;][mk_image src=\u00a0\u00bbhttps:\/\/nbmchurch.org\/wp-content\/uploads\/semester3salvation3ds.png\u00a0\u00bb image_size=\u00a0\u00bbfull\u00a0\u00bb lightbox=\u00a0\u00bbtrue\u00a0\u00bb align=\u00a0\u00bbcenter\u00a0\u00bb][\/vc_column_inner][vc_column_inner width=\u00a0\u00bb2\/12&Prime;][mk_image src=\u00a0\u00bbhttps:\/\/nbmchurch.org\/wp-content\/uploads\/semester5holyspirit3ds.png\u00a0\u00bb image_size=\u00a0\u00bbfull\u00a0\u00bb lightbox=\u00a0\u00bbtrue\u00a0\u00bb align=\u00a0\u00bbcenter\u00a0\u00bb][\/vc_column_inner][vc_column_inner width=\u00a0\u00bb1\/12&Prime;][\/vc_column_inner][\/vc_row_inner][vc_row_inner][vc_column_inner width=\u00a0\u00bb1\/12&Prime;][\/vc_column_inner][vc_column_inner width=\u00a0\u00bb2\/12&Prime;][mk_image src=\u00a0\u00bbhttps:\/\/nbmchurch.org\/wp-content\/uploads\/semester5prayer3ds.png\u00a0\u00bb image_size=\u00a0\u00bbfull\u00a0\u00bb lightbox=\u00a0\u00bbtrue\u00a0\u00bb align=\u00a0\u00bbcenter\u00a0\u00bb][\/vc_column_inner][vc_column_inner width=\u00a0\u00bb2\/12&Prime;][mk_image src=\u00a0\u00bbhttps:\/\/nbmchurch.org\/wp-content\/uploads\/semester6thetrinity3ds.png\u00a0\u00bb image_size=\u00a0\u00bbfull\u00a0\u00bb lightbox=\u00a0\u00bbtrue\u00a0\u00bb align=\u00a0\u00bbcenter\u00a0\u00bb][\/vc_column_inner][vc_column_inner width=\u00a0\u00bb2\/12&Prime;][mk_image src=\u00a0\u00bbhttps:\/\/nbmchurch.org\/wp-content\/uploads\/semester7prosperity3ds.png\u00a0\u00bb image_size=\u00a0\u00bbfull\u00a0\u00bb lightbox=\u00a0\u00bbtrue\u00a0\u00bb align=\u00a0\u00bbcenter\u00a0\u00bb][\/vc_column_inner][vc_column_inner width=\u00a0\u00bb2\/12&Prime;][mk_image src=\u00a0\u00bbhttps:\/\/nbmchurch.org\/wp-content\/uploads\/semester8doctrines3ds.png\u00a0\u00bb image_size=\u00a0\u00bbfull\u00a0\u00bb lightbox=\u00a0\u00bbtrue\u00a0\u00bb align=\u00a0\u00bbcenter\u00a0\u00bb][\/vc_column_inner][vc_column_inner width=\u00a0\u00bb2\/12&Prime;][mk_image src=\u00a0\u00bbhttps:\/\/nbmchurch.org\/wp-content\/uploads\/semester13chinesecharacters3ds.png\u00a0\u00bb image_size=\u00a0\u00bbfull\u00a0\u00bb lightbox=\u00a0\u00bbtrue\u00a0\u00bb align=\u00a0\u00bbcenter\u00a0\u00bb][\/vc_column_inner][vc_column_inner width=\u00a0\u00bb1\/12&Prime;][\/vc_column_inner][\/vc_row_inner][vc_column_text]En une formidable journ\u00e9e d\u2019automne \u2013 miraculeusement chaude et ensoleill\u00e9e pour la saison \u2013 le Pasteur St\u00e9phane Chauvette et Adrianna Lesiuk joignirent leurs vies, le 27 septembre 2014, en pr\u00e9sence de familles, amis et une \u00e9glise remplie \u00e0 craquer. Depuis ce temps, avec l\u2019aide et le support des directeurs et des anciens de l\u2019assembl\u00e9e, ils dirigent l\u2019\u00c9glise Nouveaux D\u00e9buts vers de nouveaux p\u00e2turages bond\u00e9s de r\u00e9v\u00e9lations et de perc\u00e9es spirituelles !<\/p>\n<p><img loading=\"lazy\" decoding=\"async\" class=\"alignnone wp-image-151 size-full\" src=\"https:\/\/nbmchurch.org\/wp-content\/uploads\/pastors-02.jpg\" alt=\"Adrianna &amp; P. St\u00e9phane Chauvette\" width=\"1500\" height=\"456\" \/><\/p>\n<h2>Pasteurs Russell et Mireille (Mimi) LeGassick<\/h2>\n<p>Les Pasteurs Russell et Mimi LeGassick ont dirig\u00e9 l\u2019\u00c9glise Nouveaux D\u00e9buts en tant que Pasteurs-Fondateurs pendant vingt-cinq ann\u00e9es, avant de se retirer officiellement en 2013. Mari\u00e9s pendant cinquante-deux ans, ils sont les fiers parents de trois fils : Brian, Steve et Mark.<\/p>\n<p><img loading=\"lazy\" decoding=\"async\" class=\"alignleft wp-image-152 size-medium\" src=\"https:\/\/nbmchurch.org\/wp-content\/uploads\/pastors-03-300x240.jpg\" alt=\"pastors-03\" width=\"300\" height=\"240\" \/><\/p>\n<p>Avant de recevoir le Seigneur J\u00e9sus en tant que Sauveur personnel, Russell et Mimi LeGassick v\u00e9curent une vie de famille paisible dans le West-Island de Montr\u00e9al. Alors que le Pasteur Russell jouissait d\u2019une fructueuse carri\u00e8re dans le domaine de la publicit\u00e9 \u2013 et que son \u00e9pouse Mimi \u00e9tait occup\u00e9e \u00e0 la maison \u2013 ils sentirent l\u2019invitation du Seigneur dans le minist\u00e8re. Fid\u00e8les \u00e0 l\u2019appel et \u00e0 la vision, ils cherch\u00e8rent premi\u00e8rement la face du Seigneur pour L\u2019\u00c9glise Nouveaux D\u00e9buts, et dirig\u00e8rent ensuite leur congr\u00e9gation \u00e0 travers des ann\u00e9es de croissance et b\u00e9n\u00e9dictions. Dot\u00e9s d\u2019un c\u0153ur sensible pour l\u2019\u0153uvre missionnaire, les Pasteurs Russ et Mimi ont support\u00e9 plusieurs campagnes d\u2019\u00e9vang\u00e9lisation et ont aussi \u0153uvr\u00e9 aupr\u00e8s des prisonniers avec l\u2019amour et la v\u00e9rit\u00e9 qui se trouvent en Christ. Durant plus de vingt-ans, le Pasteur Russell LeGassick a \u00e9t\u00e9 le Vice-Pr\u00e9sident et membre du conseil ex\u00e9cutif de MCWE Canada (Morris Cerullo World Evangelism).<\/p>\n<p>Le 16 juin 2013, Pasteur Russell et Mimi LeGassick annoncent officiellement leur retraite et transf\u00e8rent la gouverne du Minist\u00e8re Nouveaux D\u00e9buts entre les mains du Pasteur St\u00e9phane Chauvette \u2013 passant ainsi la charge de Pasteur Senior du Minist\u00e8re au leader d\u2019une \u00ab\u00a0Nouvelle G\u00e9n\u00e9ration\u00a0\u00bb. Ce changement repr\u00e9sentait au m\u00eame moment un coucher de soleil pour l\u2019ancienne administration et un lever de soleil pour la nouvelle \u2013 comprenant que sous la tutelle du Pasteur Chauvette, le Minist\u00e8re Nouveaux D\u00e9buts continuerait \u00e0 \u00eatre une \u00e9glise d\u00e9termin\u00e9e \u00e0 servir le Seigneur et \u00e0 \u00e9quiper les \u00c9lus dans leur marche avec Christ.<\/p>\n<p><img loading=\"lazy\" decoding=\"async\" class=\"alignright wp-image-149\" src=\"https:\/\/nbmchurch.org\/wp-content\/uploads\/pastor-mimi-225x300.jpg\" alt=\"pastor-mimi\" width=\"188\" height=\"250\" \/><\/p>\n<p>Non sans tristesse, le 6 f\u00e9vrier 2015 \u2013 quelques jours avant de c\u00e9l\u00e9brer son 82<sup>i\u00e8me<\/sup> anniversaire de naissance \u2013 Pasteure Mimi f\u00fbt promue dans la gloire et d\u00e9c\u00e8de apr\u00e8s une longue vie bien remplie. Son d\u00e9part ne laisse aucun c\u0153ur insensible. Ainsi, afin de c\u00e9l\u00e9brer sa vie, son immense contribution et le r\u00f4le crucial qu\u2019elle a jou\u00e9 dans la cr\u00e9ation et la croissance du Minist\u00e8re Nouveaux D\u00e9buts, il est d\u00e9cr\u00e9t\u00e9 que le sanctuaire de l\u2019\u00e9glise sera perp\u00e9tuellement orn\u00e9 de la peinture\/photographie de Pasteure Mimi. Pour tout ce qu\u2019elle a fait en Christ, cette congr\u00e9gation n\u2019oubliera jamais.<\/p>\n<p>Jusqu\u2019\u00e0 ce jour, \u00e2g\u00e9 de quatre-vingt-six ans, le Pasteur Russell LeGassick lui ne s\u2019arr\u00eate pas, ni ne ralentit. Il voyage de par le monde et demeure toujours aussi d\u00e9termin\u00e9 \u00e0 louer le Seigneur, \u0153uvrant aupr\u00e8s des personnes \u00e2g\u00e9es et r\u00e9coltant toujours des \u00e2mes pour J\u00e9sus !<\/p>\n<p><a href=\"https:\/\/nbmchurch.org\/fr\/pasteurs\/conseil\/\">Cliquez ici pour voir nos conseils d\u2019administration et des anciens<\/a>\u00a0\u00bb[\/vc_column_text][\/vc_column][vc_column width=\u00a0\u00bb1\/6&Prime;][vc_column_text]\n<p>&nbsp;<\/p>\n[\/vc_column_text][\/vc_column][\/vc_row]\n<\/div>","protected":false},"excerpt":{"rendered":"<p>[vc_row][vc_column][mk_revslider id=\u00a0\u00bbbanner-pastors-fr\u00a0\u00bb][\/vc_column][\/vc_row][vc_row css=\u00a0\u00bb.vc_custom_1464313207161{margin-top: 50px !important;margin-bottom: 50px !important;}\u00a0\u00bb][vc_column width=\u00a0\u00bb1\/6&Prime; css=\u00a0\u00bb.vc_custom_1467164516572{margin-top: 0px !important;padding-top: 0px !important;}\u00a0\u00bb][vc_column_text] &nbsp; [\/vc_column_text][\/vc_column][vc_column width=\u00a0\u00bb4\/6&Prime;][vc_column_text] Pasteur St\u00e9phane Chauvette Pasteur St\u00e9phane Chauvette est le Pasteur Senior de l\u2019\u00c9glise Nouveaux D\u00e9buts de ville LaSalle, Qu\u00e9bec. Avant d\u2019assumer cette responsabilit\u00e9, il remplissait fid\u00e8lement le poste de Pasteur Associ\u00e9 du minist\u00e8re depuis plus de trente ans. Pasteur St\u00e9phane [&hellip;]<\/p>\n","protected":false},"author":1,"featured_media":0,"parent":0,"menu_order":0,"comment_status":"closed","ping_status":"closed","template":"","meta":{"footnotes":""},"class_list":["post-332","page","type-page","status-publish","hentry"],"_links":{"self":[{"href":"https:\/\/nbmchurch.org\/fr\/wp-json\/wp\/v2\/pages\/332"}],"collection":[{"href":"https:\/\/nbmchurch.org\/fr\/wp-json\/wp\/v2\/pages"}],"about":[{"href":"https:\/\/nbmchurch.org\/fr\/wp-json\/wp\/v2\/types\/page"}],"author":[{"embeddable":true,"href":"https:\/\/nbmchurch.org\/fr\/wp-json\/wp\/v2\/users\/1"}],"replies":[{"embeddable":true,"href":"https:\/\/nbmchurch.org\/fr\/wp-json\/wp\/v2\/comments?post=332"}],"version-history":[{"count":10,"href":"https:\/\/nbmchurch.org\/fr\/wp-json\/wp\/v2\/pages\/332\/revisions"}],"predecessor-version":[{"id":535,"href":"https:\/\/nbmchurch.org\/fr\/wp-json\/wp\/v2\/pages\/332\/revisions\/535"}],"wp:attachment":[{"href":"https:\/\/nbmchurch.org\/fr\/wp-json\/wp\/v2\/media?parent=332"}],"curies":[{"name":"wp","href":"https:\/\/api.w.org\/{rel}","templated":true}]}}