{"id":323,"date":"2016-07-11T12:07:53","date_gmt":"2016-07-11T16:07:53","guid":{"rendered":"http:\/\/nbmchurch.org\/wordpress\/fr\/?page_id=323"},"modified":"2021-04-30T11:26:10","modified_gmt":"2021-04-30T15:26:10","slug":"dons","status":"publish","type":"page","link":"https:\/\/nbmchurch.org\/fr\/dons\/","title":{"rendered":"Dons"},"content":{"rendered":"<div class=\"wpb-content-wrapper\">[vc_row][vc_column][mk_revslider id=\u00a0\u00bbbanner-offering-fr\u00a0\u00bb][\/vc_column][\/vc_row][vc_row css=\u00a0\u00bb.vc_custom_1464313207161{margin-top: 50px !important;margin-bottom: 50px !important;}\u00a0\u00bb][vc_column width=\u00a0\u00bb1\/6&Prime; css=\u00a0\u00bb.vc_custom_1467164516572{margin-top: 0px !important;padding-top: 0px !important;}\u00a0\u00bb][vc_column_text] \u00a0 [\/vc_column_text][\/vc_column][vc_column width=\u00a0\u00bb4\/6&Prime;][vc_column_text]\n<h2>Bonne nouvelle ! Vous pouvez donner \u00e0 l\u2019\u00c9glise Nouveaux D\u00e9buts d\u00e8s aujourd\u2019hui !<\/h2>\n<p><img loading=\"lazy\" decoding=\"async\" class=\"alignleft wp-image-192\" src=\"https:\/\/nbmchurch.org\/wp-content\/uploads\/E4-F4-NBM-Beliefs-C-300x279.jpg\" alt=\"E4-F4-NBM-Beliefs-C\" width=\"237\" height=\"220\" srcset=\"https:\/\/nbmchurch.org\/wp-content\/uploads\/E4-F4-NBM-Beliefs-C-300x279.jpg 300w, https:\/\/nbmchurch.org\/wp-content\/uploads\/E4-F4-NBM-Beliefs-C.jpg 1000w\" sizes=\"(max-width: 237px) 100vw, 237px\" \/><\/p>\n<p>Une m\u00e9thode astucieuse afin de b\u00e9nir l\u2019\u0153uvre du Seigneur, vous pouvez maintenant supporter financi\u00e8rement le Minist\u00e8re Nouveaux D\u00e9buts en effectuant vos contributions en ligne par le biais de PayPal.<\/p>\n<p>Un re\u00e7u de donation pour fins d\u2019imp\u00f4t sera \u00e9mis \u00e0 la fin de chaque p\u00e9riode fiscale, seulement pour les contributions exc\u00e9dant $\u00a020.00 en dollars canadien.<\/p>\n<p><strong>Remplissez simplement le formulaire ci-dessous avec vos coordonn\u00e9es pour commencer \u00e0 faire un don.<\/strong><img loading=\"lazy\" decoding=\"async\" src=\"https:\/\/www.paypalobjects.com\/en_US\/i\/scr\/pixel.gif\" alt=\"\" width=\"1\" height=\"1\" border=\"0\" \/>[\/vc_column_text][mk_padding_divider]\n<div class=\"wpcf7 no-js\" id=\"wpcf7-f771-o1\" lang=\"en-US\" dir=\"ltr\" data-wpcf7-id=\"771\">\n<div class=\"screen-reader-response\"><p role=\"status\" aria-live=\"polite\" aria-atomic=\"true\"><\/p> <ul><\/ul><\/div>\n<form action=\"\/fr\/wp-json\/wp\/v2\/pages\/323#wpcf7-f771-o1\" method=\"post\" class=\"wpcf7-form init\" aria-label=\"Contact form\" novalidate=\"novalidate\" data-status=\"init\">\n<div style=\"display: none;\">\n<input type=\"hidden\" name=\"_wpcf7\" value=\"771\" \/>\n<input type=\"hidden\" name=\"_wpcf7_version\" value=\"6.0\" \/>\n<input type=\"hidden\" name=\"_wpcf7_locale\" value=\"en_US\" \/>\n<input type=\"hidden\" name=\"_wpcf7_unit_tag\" value=\"wpcf7-f771-o1\" \/>\n<input type=\"hidden\" name=\"_wpcf7_container_post\" value=\"0\" \/>\n<input type=\"hidden\" name=\"_wpcf7_posted_data_hash\" value=\"\" \/>\n<input type=\"hidden\" name=\"_wpcf7cf_hidden_group_fields\" value=\"[]\" \/>\n<input type=\"hidden\" name=\"_wpcf7cf_hidden_groups\" value=\"[]\" \/>\n<input type=\"hidden\" name=\"_wpcf7cf_visible_groups\" value=\"[]\" \/>\n<input type=\"hidden\" name=\"_wpcf7cf_repeaters\" value=\"[]\" \/>\n<input type=\"hidden\" name=\"_wpcf7cf_steps\" value=\"{}\" \/>\n<input type=\"hidden\" name=\"_wpcf7cf_options\" value=\"{&quot;form_id&quot;:771,&quot;conditions&quot;:[{&quot;and_rules&quot;:[{&quot;if_field&quot;:&quot;&quot;,&quot;operator&quot;:&quot;equals&quot;,&quot;if_value&quot;:&quot;Yes&quot;}]},{&quot;and_rules&quot;:[{&quot;if_field&quot;:&quot;&quot;,&quot;operator&quot;:&quot;equals&quot;,&quot;if_value&quot;:&quot;No&quot;}]}],&quot;settings&quot;:{&quot;animation&quot;:&quot;yes&quot;,&quot;animation_intime&quot;:200,&quot;animation_outtime&quot;:200,&quot;conditions_ui&quot;:&quot;normal&quot;,&quot;notice_dismissed&quot;:false}}\" \/>\n<input type=\"hidden\" name=\"_wpcf7_recaptcha_response\" value=\"\" \/>\n<\/div>\n<p><label>SVP entre votre code-membre et appuyer sur \"soumettre\" :<\/label><br \/>\n<span class=\"wpcf7-form-control-wrap\" data-name=\"membership-number\"><input class=\"wpcf7-form-control wpcf7-number wpcf7-validates-as-required wpcf7-validates-as-number\" min=\"9412\" max=\"9412\" aria-required=\"true\" aria-invalid=\"false\" value=\"\" type=\"number\" name=\"membership-number\" \/><\/span>\n<\/p>\n<p style=\"margin-top: 25px;\"><input class=\"wpcf7-form-control wpcf7-submit has-spinner\" type=\"submit\" value=\"Soumettre\" \/>\n<\/p><p style=\"display: none !important;\" class=\"akismet-fields-container\" data-prefix=\"_wpcf7_ak_\"><label>&#916;<textarea name=\"_wpcf7_ak_hp_textarea\" cols=\"45\" rows=\"8\" maxlength=\"100\"><\/textarea><\/label><input type=\"hidden\" id=\"ak_js_1\" name=\"_wpcf7_ak_js\" value=\"247\"\/><script>document.getElementById( \"ak_js_1\" ).setAttribute( \"value\", ( new Date() ).getTime() );<\/script><\/p><div class=\"wpcf7-response-output\" aria-hidden=\"true\"><\/div>\n<\/form>\n<\/div>\n[vc_column_text]Pas un membre? Cliquez sur le bouton <strong>\u00c9TAPE SUIVANTE<\/strong> ci-dessous pour passer \u00e0 l&rsquo;\u00e9tape suivante.[\/vc_column_text][vc_btn title=\u00a0\u00bb\u00c9TAPE SUIVANTE\u00a0\u00bb style=\u00a0\u00bbflat\u00a0\u00bb shape=\u00a0\u00bbsquare\u00a0\u00bb color=\u00a0\u00bbinfo\u00a0\u00bb link=\u00a0\u00bburl:http%3A%2F%2Fnbmchurch.org%2Ffr%2Fdons-invite%2F|||\u00a0\u00bb][mk_padding_divider][\/vc_column][vc_column width=\u00a0\u00bb1\/6&Prime;][vc_column_text] \u00a0 [\/vc_column_text][\/vc_column][\/vc_row][vc_row css=\u00a0\u00bb.vc_custom_1464313207161{margin-top: 50px !important;margin-bottom: 50px !important;}\u00a0\u00bb][vc_column width=\u00a0\u00bb1\/6&Prime; css=\u00a0\u00bb.vc_custom_1467164516572{margin-top: 0px !important;padding-top: 0px !important;}\u00a0\u00bb][vc_column_text] \u00a0 [\/vc_column_text][\/vc_column][vc_column width=\u00a0\u00bb4\/6&Prime;][mk_blockquote font_family=\u00a0\u00bbnone\u00a0\u00bb]<em>J\u00e9sus leur raconta une autre parabole : Le Royaume des cieux ressemble \u00e0 une graine de moutarde qu&rsquo;un homme a prise et sem\u00e9e dans son champ. C&rsquo;est la plus petite de toutes les semences&#8230;<br \/>\n\u2014 Matthieu 13 : 31,32<\/em>[\/mk_blockquote][mk_padding_divider][\/vc_column][vc_column width=\u00a0\u00bb1\/6&Prime;][vc_column_text] \u00a0 [\/vc_column_text][\/vc_column][\/vc_row]\n<\/div>","protected":false},"excerpt":{"rendered":"<p>[vc_row][vc_column][mk_revslider id=\u00a0\u00bbbanner-offering-fr\u00a0\u00bb][\/vc_column][\/vc_row][vc_row css=\u00a0\u00bb.vc_custom_1464313207161{margin-top: 50px !important;margin-bottom: 50px !important;}\u00a0\u00bb][vc_column width=\u00a0\u00bb1\/6&Prime; css=\u00a0\u00bb.vc_custom_1467164516572{margin-top: 0px !important;padding-top: 0px !important;}\u00a0\u00bb][vc_column_text] \u00a0 [\/vc_column_text][\/vc_column][vc_column width=\u00a0\u00bb4\/6&Prime;][vc_column_text] Bonne nouvelle ! Vous pouvez donner \u00e0 l\u2019\u00c9glise Nouveaux D\u00e9buts d\u00e8s aujourd\u2019hui ! Une m\u00e9thode astucieuse afin de b\u00e9nir l\u2019\u0153uvre du Seigneur, vous pouvez maintenant supporter financi\u00e8rement le Minist\u00e8re Nouveaux D\u00e9buts en effectuant vos contributions en ligne par le [&hellip;]<\/p>\n","protected":false},"author":1,"featured_media":0,"parent":0,"menu_order":0,"comment_status":"closed","ping_status":"closed","template":"","meta":{"footnotes":""},"class_list":["post-323","page","type-page","status-publish","hentry"],"_links":{"self":[{"href":"https:\/\/nbmchurch.org\/fr\/wp-json\/wp\/v2\/pages\/323"}],"collection":[{"href":"https:\/\/nbmchurch.org\/fr\/wp-json\/wp\/v2\/pages"}],"about":[{"href":"https:\/\/nbmchurch.org\/fr\/wp-json\/wp\/v2\/types\/page"}],"author":[{"embeddable":true,"href":"https:\/\/nbmchurch.org\/fr\/wp-json\/wp\/v2\/users\/1"}],"replies":[{"embeddable":true,"href":"https:\/\/nbmchurch.org\/fr\/wp-json\/wp\/v2\/comments?post=323"}],"version-history":[{"count":14,"href":"https:\/\/nbmchurch.org\/fr\/wp-json\/wp\/v2\/pages\/323\/revisions"}],"predecessor-version":[{"id":774,"href":"https:\/\/nbmchurch.org\/fr\/wp-json\/wp\/v2\/pages\/323\/revisions\/774"}],"wp:attachment":[{"href":"https:\/\/nbmchurch.org\/fr\/wp-json\/wp\/v2\/media?parent=323"}],"curies":[{"name":"wp","href":"https:\/\/api.w.org\/{rel}","templated":true}]}}