{"id":317,"date":"2016-07-11T11:15:34","date_gmt":"2016-07-11T15:15:34","guid":{"rendered":"http:\/\/nbmchurch.org\/wordpress\/fr\/?page_id=317"},"modified":"2016-07-14T20:33:22","modified_gmt":"2016-07-15T00:33:22","slug":"croyances","status":"publish","type":"page","link":"https:\/\/nbmchurch.org\/fr\/croyances\/","title":{"rendered":"Croyances"},"content":{"rendered":"<div class=\"wpb-content-wrapper\">[vc_row][vc_column][mk_revslider id=\u00a0\u00bbbanner-beliefs-fr\u00a0\u00bb][\/vc_column][\/vc_row][vc_row css=\u00a0\u00bb.vc_custom_1464313207161{margin-top: 50px !important;margin-bottom: 50px !important;}\u00a0\u00bb][vc_column width=\u00a0\u00bb1\/6&Prime; css=\u00a0\u00bb.vc_custom_1467164516572{margin-top: 0px !important;padding-top: 0px !important;}\u00a0\u00bb][vc_column_text]\n<p>&nbsp;<\/p>\n[\/vc_column_text][\/vc_column][vc_column width=\u00a0\u00bb4\/6&Prime;][vc_column_text]\n<h2>Croyances<\/h2>\n[\/vc_column_text][mk_blockquote font_family=\u00a0\u00bbnone\u00a0\u00bb]&#8230;vous exhorter \u00e0 combattre pour la Foi qui a \u00e9t\u00e9 transmise aux Saints une fois pour toutes.<br \/>\n\u2014 Jude 1 : 3[\/mk_blockquote][vc_column_text]Les doctrines fondamentales chr\u00e9tiennes de l\u2019\u00c9glise \/ Minist\u00e8re Nouveaux D\u00e9buts sont refl\u00e9t\u00e9es dans l\u2019\u00c9nonc\u00e9 de Foi biblique suivant :<\/p>\n<p><img loading=\"lazy\" decoding=\"async\" class=\"size-medium wp-image-113 alignright\" src=\"https:\/\/nbmchurch.org\/wp-content\/uploads\/Beliefs-02-300x199.jpg\" alt=\"Beliefs-02\" width=\"300\" height=\"199\" \/><\/p>\n<ol>\n<li>Nous croyons en un seul Dieu\u00a0: P\u00e8re, Fils et Saint Esprit, cr\u00e9ateur de toutes choses.<\/li>\n<li>Nous croyons que le Seigneur J\u00e9sus Christ, le Fils unique de Dieu, f\u00fbt con\u00e7u du Saint Esprit, n\u00e9 de la Vierge Marie, crucifi\u00e9, mort, enterr\u00e9, ressuscit\u00e9 le troisi\u00e8me jour, \u00e9lev\u00e9 au ciel, pr\u00e9sentement \u00e0 la droite de Dieu le P\u00e8re et qu\u2019Il est v\u00e9ritablement Dieu et v\u00e9ritablement homme.<\/li>\n<li>Nous croyons que la Bible enti\u00e8re est la Parole inspir\u00e9e de Dieu et qu\u2019elle est notre infaillible guide de Foi et de conduite.<\/li>\n<li>Nous croyons que l\u2019homme f\u00fbt cr\u00e9\u00e9 \u00e0 l\u2019image de son cr\u00e9ateur \u2013 L\u2019\u00c9ternel Dieu. Suite au p\u00e9ch\u00e9 d\u2019Adam et \u00c8ve, le ch\u00e2timent du p\u00e9ch\u00e9 entra\u00eena la chute de l\u2019humanit\u00e9 et sa nature p\u00e9cheresse le s\u00e9pare maintenant du Tout Puissant. L\u2019\u00eatre humain ne peut restaurer sa relation avec Dieu sans l\u2019\u0153uvre salutaire disponible en Christ J\u00e9sus.<\/li>\n<li>Nous croyons au salut personnel des croyants par le sang vers\u00e9 de J\u00e9sus Christ.<\/li>\n<li>Nous croyons \u00e0 la r\u00e9surrection des morts, la joie \u00e9ternelle des sauv\u00e9s et \u00e0 la punition \u00e9ternelle des inconvertis.<\/li>\n<li>Nous croyons \u00e0 la sanctification par la Parole de Dieu produite par le Saint Esprit, en la saintet\u00e9 personnelle et \u00e0 la puret\u00e9 du c\u0153ur et de la vie.<\/li>\n<li>Nous croyons au bapt\u00eame d\u2019eau, au bapt\u00eame du Saint Esprit, aux dons du Saint Esprit et \u00e0 la manifestation des fruits de l\u2019Esprit. Nous croyons que ceux-ci sont disponibles pour tous les croyants.<\/li>\n<li>Nous croyons \u00e0 la gu\u00e9rison divine \u2013 esprit, corps et \u00e2me \u2013 selon l\u2019administration de l\u2019Esprit Saint.<\/li>\n<li><img loading=\"lazy\" decoding=\"async\" class=\"size-medium wp-image-112 alignleft\" style=\"padding-right: 15px;\" src=\"https:\/\/nbmchurch.org\/wp-content\/uploads\/Beliefs-01-300x225.jpg\" alt=\"Beliefs-01\" width=\"300\" height=\"225\" \/>Nous croyons que l\u2019\u00c9glise Chr\u00e9tienne est l\u2019\u00c9pouse et Corps du Christ, et qu\u2019elle est l\u2019ambassadrice du Christ J\u00e9sus sur la terre. Nous croyons que la mission de l\u2019\u00c9glise est de partager l\u2019\u00c9vangile \u00e0 tous et chacun, hommes et nations, et d\u2019en faire des disciples.<\/li>\n<li>Nous croyons en l\u2019\u00e9vang\u00e9lisation et \u00e0 l\u2019\u0153uvre missionnaire bas\u00e9es sur la grande Commission Chr\u00e9tienne de Matthieu chapitre 28.<\/li>\n<li>Nous croyons en l\u2019Esp\u00e9rance Chr\u00e9tienne : le retour \u00e9minent et personnel du Seigneur J\u00e9sus, ainsi que l\u2019enl\u00e8vement de ceux qui sont en Christ afin de se trouver en pr\u00e9sence de Dieu pour l\u2019\u00e9ternit\u00e9.<\/li>\n<\/ol>\n[\/vc_column_text][\/vc_column][vc_column width=\u00a0\u00bb1\/6&Prime;][vc_column_text]\n<p>&nbsp;<\/p>\n[\/vc_column_text][\/vc_column][\/vc_row]\n<\/div>","protected":false},"excerpt":{"rendered":"<p>[vc_row][vc_column][mk_revslider id=\u00a0\u00bbbanner-beliefs-fr\u00a0\u00bb][\/vc_column][\/vc_row][vc_row css=\u00a0\u00bb.vc_custom_1464313207161{margin-top: 50px !important;margin-bottom: 50px !important;}\u00a0\u00bb][vc_column width=\u00a0\u00bb1\/6&Prime; css=\u00a0\u00bb.vc_custom_1467164516572{margin-top: 0px !important;padding-top: 0px !important;}\u00a0\u00bb][vc_column_text] &nbsp; [\/vc_column_text][\/vc_column][vc_column width=\u00a0\u00bb4\/6&Prime;][vc_column_text] Croyances [\/vc_column_text][mk_blockquote font_family=\u00a0\u00bbnone\u00a0\u00bb]&#8230;vous exhorter \u00e0 combattre pour la Foi qui a \u00e9t\u00e9 transmise aux Saints une fois pour toutes. \u2014 Jude 1 : 3[\/mk_blockquote][vc_column_text]Les doctrines fondamentales chr\u00e9tiennes de l\u2019\u00c9glise \/ Minist\u00e8re Nouveaux D\u00e9buts sont refl\u00e9t\u00e9es dans l\u2019\u00c9nonc\u00e9 de Foi [&hellip;]<\/p>\n","protected":false},"author":1,"featured_media":0,"parent":0,"menu_order":0,"comment_status":"closed","ping_status":"closed","template":"","meta":{"footnotes":""},"class_list":["post-317","page","type-page","status-publish","hentry"],"_links":{"self":[{"href":"https:\/\/nbmchurch.org\/fr\/wp-json\/wp\/v2\/pages\/317"}],"collection":[{"href":"https:\/\/nbmchurch.org\/fr\/wp-json\/wp\/v2\/pages"}],"about":[{"href":"https:\/\/nbmchurch.org\/fr\/wp-json\/wp\/v2\/types\/page"}],"author":[{"embeddable":true,"href":"https:\/\/nbmchurch.org\/fr\/wp-json\/wp\/v2\/users\/1"}],"replies":[{"embeddable":true,"href":"https:\/\/nbmchurch.org\/fr\/wp-json\/wp\/v2\/comments?post=317"}],"version-history":[{"count":4,"href":"https:\/\/nbmchurch.org\/fr\/wp-json\/wp\/v2\/pages\/317\/revisions"}],"predecessor-version":[{"id":404,"href":"https:\/\/nbmchurch.org\/fr\/wp-json\/wp\/v2\/pages\/317\/revisions\/404"}],"wp:attachment":[{"href":"https:\/\/nbmchurch.org\/fr\/wp-json\/wp\/v2\/media?parent=317"}],"curies":[{"name":"wp","href":"https:\/\/api.w.org\/{rel}","templated":true}]}}