{"id":314,"date":"2016-07-11T10:58:06","date_gmt":"2016-07-11T14:58:06","guid":{"rendered":"http:\/\/nbmchurch.org\/wordpress\/fr\/?page_id=314"},"modified":"2016-07-11T12:15:08","modified_gmt":"2016-07-11T16:15:08","slug":"vision","status":"publish","type":"page","link":"https:\/\/nbmchurch.org\/fr\/vision\/","title":{"rendered":"Vision"},"content":{"rendered":"<div class=\"wpb-content-wrapper\">[vc_row][vc_column][mk_revslider id=\u00a0\u00bbbanner-vision-fr\u00a0\u00bb][\/vc_column][\/vc_row][vc_row css=\u00a0\u00bb.vc_custom_1464313207161{margin-top: 50px !important;margin-bottom: 50px !important;}\u00a0\u00bb][vc_column width=\u00a0\u00bb1\/6&Prime; css=\u00a0\u00bb.vc_custom_1467164516572{margin-top: 0px !important;padding-top: 0px !important;}\u00a0\u00bb][vc_column_text]\n<p>&nbsp;<\/p>\n[\/vc_column_text][\/vc_column][vc_column width=\u00a0\u00bb4\/6&Prime;][vc_column_text]\n<h2>Une Vision pour Montr\u00e9al \u2014<br \/>\nUne Nouvelle G\u00e9n\u00e9ration pour Christ.<\/h2>\n<p>La vision de l\u2019\u00c9glise Nouveaux D\u00e9buts est de pr\u00e9senter la Foi Chr\u00e9tienne \u00e0 tous et chacun \u2013 sans tenir compte de leur \u00e2ge, sexe, race, foi, couleur, nationalit\u00e9, anc\u00eatre et\/ou origine \u2013 et de proclamer l\u2019\u00c9vangile de J\u00e9sus Christ tel que r\u00e9v\u00e9l\u00e9 \u00e0 travers les Saintes \u00c9critures.<\/p>\n<p><img loading=\"lazy\" decoding=\"async\" class=\"alignleft wp-image-105 size-medium\" src=\"https:\/\/nbmchurch.org\/wp-content\/uploads\/Vision-01-300x138.jpg\" alt=\"Vision-01\" width=\"300\" height=\"138\" \/>Cependant, l\u2019objectif du Minist\u00e8re Nouveaux D\u00e9buts ne consiste pas seulement \u00e0 introduire J\u00e9sus Christ. Le but de l\u2019\u00e9glise consiste aussi \u00e0 \u00e9lever les croyants \u00e0 une pleine maturit\u00e9 des principes de la foi, l\u2019amour, la gu\u00e9rison, la prosp\u00e9rit\u00e9, la r\u00e9demption et la justice. Une vision pour \u00e9quiper les croyants leur permettant ainsi d\u2019activer la puissance de J\u00e9sus dans leur vie et de partager cette puissance avec les autres.<\/p>\n<p><img loading=\"lazy\" decoding=\"async\" class=\"alignright wp-image-106 size-medium\" src=\"https:\/\/nbmchurch.org\/wp-content\/uploads\/Vision-02-300x115.jpg\" alt=\"Vision-02\" width=\"300\" height=\"115\" \/>Notre d\u00e9sir premier est de fortifier spirituellement les croyants par la Parole de Dieu et de d\u00e9velopper des disciples pour J\u00e9sus Christ. Les efforts du Minist\u00e8re Nouveaux D\u00e9buts sont centr\u00e9s sur la pr\u00e9dication afin que ceux qui ont accept\u00e9 J\u00e9sus Christ comme leur Sauveur et Seigneur obtiennent la victoire sur chaque probl\u00e8me et circonstance que la vie apporte. Ils peuvent ainsi donc d\u00e9montrer une attitude victorieuse, clairement indiqu\u00e9e dans la Bible, comme \u00e9tant la volont\u00e9 de Dieu pour tous les croyants.<\/p>\n<p>L\u2019\u00c9glise \/ Minist\u00e8re Nouveaux D\u00e9buts supporte aussi ses membres \u00e0 l\u2019aide d\u2019assistance concr\u00e8te et d\u2019un support spirituel tout \u00e0 fait biblique. Gr\u00e2ce \u00e0 ses divers services et minist\u00e8res, l\u2019\u00e9glise aide les moins nantis sous forme de nourriture et de v\u00eatements, et parfois m\u00eame, offre des conseils de nature financi\u00e8res.<\/p>\n<p><img loading=\"lazy\" decoding=\"async\" class=\"alignleft wp-image-315 size-full\" src=\"https:\/\/nbmchurch.org\/wp-content\/uploads\/F3-Banner-Vision-B-1.jpg\" width=\"1920\" height=\"475\" srcset=\"https:\/\/nbmchurch.org\/wp-content\/uploads\/F3-Banner-Vision-B-1.jpg 1920w, https:\/\/nbmchurch.org\/wp-content\/uploads\/F3-Banner-Vision-B-1-300x74.jpg 300w, https:\/\/nbmchurch.org\/wp-content\/uploads\/F3-Banner-Vision-B-1-1024x253.jpg 1024w\" sizes=\"(max-width: 1920px) 100vw, 1920px\" \/><\/p>\n<p>Nous vous invitons \u00e0 faire partie de cette Nouvelle G\u00e9n\u00e9ration pour Christ !<\/p>\n[\/vc_column_text][\/vc_column][vc_column width=\u00a0\u00bb1\/6&Prime;][vc_column_text]\n<p>&nbsp;<\/p>\n[\/vc_column_text][\/vc_column][\/vc_row]\n<\/div>","protected":false},"excerpt":{"rendered":"<p>[vc_row][vc_column][mk_revslider id=\u00a0\u00bbbanner-vision-fr\u00a0\u00bb][\/vc_column][\/vc_row][vc_row css=\u00a0\u00bb.vc_custom_1464313207161{margin-top: 50px !important;margin-bottom: 50px !important;}\u00a0\u00bb][vc_column width=\u00a0\u00bb1\/6&Prime; css=\u00a0\u00bb.vc_custom_1467164516572{margin-top: 0px !important;padding-top: 0px !important;}\u00a0\u00bb][vc_column_text] &nbsp; [\/vc_column_text][\/vc_column][vc_column width=\u00a0\u00bb4\/6&Prime;][vc_column_text] Une Vision pour Montr\u00e9al \u2014 Une Nouvelle G\u00e9n\u00e9ration pour Christ. La vision de l\u2019\u00c9glise Nouveaux D\u00e9buts est de pr\u00e9senter la Foi Chr\u00e9tienne \u00e0 tous et chacun \u2013 sans tenir compte de leur \u00e2ge, sexe, race, foi, couleur, nationalit\u00e9, anc\u00eatre [&hellip;]<\/p>\n","protected":false},"author":1,"featured_media":0,"parent":0,"menu_order":0,"comment_status":"closed","ping_status":"closed","template":"","meta":{"footnotes":""},"class_list":["post-314","page","type-page","status-publish","hentry"],"_links":{"self":[{"href":"https:\/\/nbmchurch.org\/fr\/wp-json\/wp\/v2\/pages\/314"}],"collection":[{"href":"https:\/\/nbmchurch.org\/fr\/wp-json\/wp\/v2\/pages"}],"about":[{"href":"https:\/\/nbmchurch.org\/fr\/wp-json\/wp\/v2\/types\/page"}],"author":[{"embeddable":true,"href":"https:\/\/nbmchurch.org\/fr\/wp-json\/wp\/v2\/users\/1"}],"replies":[{"embeddable":true,"href":"https:\/\/nbmchurch.org\/fr\/wp-json\/wp\/v2\/comments?post=314"}],"version-history":[{"count":1,"href":"https:\/\/nbmchurch.org\/fr\/wp-json\/wp\/v2\/pages\/314\/revisions"}],"predecessor-version":[{"id":316,"href":"https:\/\/nbmchurch.org\/fr\/wp-json\/wp\/v2\/pages\/314\/revisions\/316"}],"wp:attachment":[{"href":"https:\/\/nbmchurch.org\/fr\/wp-json\/wp\/v2\/media?parent=314"}],"curies":[{"name":"wp","href":"https:\/\/api.w.org\/{rel}","templated":true}]}}