{"id":304,"date":"2016-07-10T10:41:30","date_gmt":"2016-07-10T14:41:30","guid":{"rendered":"http:\/\/nbmchurch.org\/wordpress\/fr\/?page_id=304"},"modified":"2021-10-22T10:41:57","modified_gmt":"2021-10-22T14:41:57","slug":"bienvenue","status":"publish","type":"page","link":"https:\/\/nbmchurch.org\/fr\/","title":{"rendered":"Bienvenue"},"content":{"rendered":"<div class=\"wpb-content-wrapper\">[vc_row][vc_column][mk_revslider id=\u00a0\u00bbhome-banner-fr\u00a0\u00bb][\/vc_column][\/vc_row][vc_row fullwidth=\u00a0\u00bbtrue\u00a0\u00bb fullwidth_content=\u00a0\u00bbfalse\u00a0\u00bb disable_element=\u00a0\u00bbyes\u00a0\u00bb css=\u00a0\u00bb.vc_custom_1628872304551{padding-top: 40px !important;padding-bottom: 40px !important;background-color: #f7f7f7 !important;}\u00a0\u00bb][vc_column width=\u00a0\u00bb1\/6&Prime;][\/vc_column][vc_column width=\u00a0\u00bb4\/6&Prime;][vc_column_text]\n<h1 style=\"text-align: center;\">ATTENTION !<\/h1>\n<p style=\"text-align: center;\">En raison de la crise du coronavirus et de l&rsquo;annonce r\u00e9cente de nouvelles restrictions en vigueur dans la r\u00e9gion de Montr\u00e9al, les c\u00e9l\u00e9brations de l&rsquo;\u00c9glise Nouveaux D\u00e9buts sont \u00e0 nouveau temporairement annul\u00e9es. Veuillez demeurer en contact afin d\u2019\u00eatre inform\u00e9 lorsque que nos activit\u00e9s reprendront.<\/p>\n<p style=\"text-align: center;\">Durant cette p\u00e9riode de confinement, nous vous invitions \u00e0 visiter notre page YouTube et \u00e9couter les pr\u00e9dications (en anglais) du Pasteur St\u00e9phane Chauvette :<\/p>\n<p><iframe loading=\"lazy\" style=\"margin: 0 auto; text-align: center; display: block;\" src=\"https:\/\/www.youtube.com\/embed\/videoseries?list=PLgZv1oj9LMUyXIsKYiTAt6vxvcLhn5DmK\" width=\"560\" height=\"315\" frameborder=\"0\" allowfullscreen=\"allowfullscreen\"><\/iframe>[\/vc_column_text][\/vc_column][vc_column width=\u00a0\u00bb1\/6&Prime;][\/vc_column][\/vc_row][vc_row fullwidth=\u00a0\u00bbtrue\u00a0\u00bb fullwidth_content=\u00a0\u00bbfalse\u00a0\u00bb disable_element=\u00a0\u00bbyes\u00a0\u00bb css=\u00a0\u00bb.vc_custom_1634913547876{padding-top: 40px !important;padding-bottom: 40px !important;background-color: #f7f7f7 !important;}\u00a0\u00bb][vc_column width=\u00a0\u00bb1\/6&Prime;][\/vc_column][vc_column width=\u00a0\u00bb4\/6&Prime;][vc_column_text]\n<p style=\"text-align: left;\">Nous sommes heureux d&rsquo;annoncer que l\u2019\u00c9glise \/ Minist\u00e8re Nouveaux D\u00e9buts est maintenant ouverte. Nos c\u00e9l\u00e9brations ont d\u00e9but\u00e9 le dimanche matin, 8 Aout 2021 \u2013 et quelle glorieuse journ\u00e9e ce fut !<\/p>\n<p style=\"text-align: left;\">Afin d&rsquo;accommoder tout le monde, ceux qui souhaitent participer \u00e0 nos r\u00e9unions doivent confirmer auparavant leur pr\u00e9sence afin que nous puissions attribuer votre place \u00e0 l&rsquo;avance. Puisque les places sont limit\u00e9es, aucune personne ne pourra se pr\u00e9senter \u00e0 l\u2019improvise.<\/p>\n<p style=\"text-align: left;\">Une fois votre place r\u00e9serv\u00e9e, nous vous ferons parvenir les directives obligatoires requises afin de participer \u00e0 nos r\u00e9unions.<\/p>\n<p style=\"text-align: left;\">Dans l\u2019attente de pouvoir adorer le Seigneur \u00e0 nouveau avec vous et de glorifier le nom de J\u00e9sus!<\/p>\n[\/vc_column_text][\/vc_column][vc_column width=\u00a0\u00bb1\/6&Prime;][\/vc_column][\/vc_row][vc_row css=\u00a0\u00bb.vc_custom_1590692436310{margin-top: 50px !important;margin-bottom: 50px !important;}\u00a0\u00bb][vc_column visibility=\u00a0\u00bbhidden-sm\u00a0\u00bb width=\u00a0\u00bb1\/6&Prime; css=\u00a0\u00bb.vc_custom_1590692381552{margin-top: -15px !important;padding-top: 0px !important;}\u00a0\u00bb][vc_column_text]\n<p>&nbsp;<\/p>\n[\/vc_column_text][\/vc_column][vc_column width=\u00a0\u00bb4\/6&Prime;][vc_column_text]\n<h2>Bienvenue au site du Minist\u00e8re Nouveaux D\u00e9buts\u00a0!<\/h2>\n<p><img loading=\"lazy\" decoding=\"async\" class=\"headshot alignleft wp-image-550\" src=\"https:\/\/nbmchurch.org\/wp-content\/uploads\/pastor-stephane-adrianna-chauvette.jpg\" alt=\"\" width=\"300\" height=\"314\" \/><\/p>\n<p>Permettez-moi de vous d\u00e9crire notre \u00e9glise \u2013 en esp\u00e9rant vous voir bient\u00f4t afin d\u2019y c\u00e9l\u00e9brer le Seigneur J\u00e9sus Christ, et se r\u00e9jouir ensemble pour tout ce qu\u2019Il a fait pour nous !<\/p>\n<p>Nous sommes un minist\u00e8re Chr\u00e9tien rempli de l\u2019Esprit Saint, sans affiliation religieuse, croyant \u00e0 toute l\u2019\u00c9vangile et o\u00f9 J\u00e9sus Christ est Seigneur. Nous croyons que la Parole de Dieu est pour nous, aujourd\u2019hui.<\/p>\n<p>Nous croyons que les Saintes \u00c9critures ont \u00e9t\u00e9 donn\u00e9es par inspiration Divine, et qu\u2019elles repr\u00e9sentent l\u2019autorit\u00e9 supr\u00eame en mati\u00e8re de foi. Nous n\u2019enseignons aucune tradition ou doctrine venant des hommes. Nos enseignements sont tous tir\u00e9s de la Bible.<\/p>\n<p>Nos portes sont ouvertes \u00e0 tous ceux qui d\u00e9sirent soumettre leur vie au Christ et \u00e0 Sa Parole. En fait, notre devise exprime clairement le but principal\u00a0de notre assembl\u00e9e : la pr\u00e9paration d\u2019 \u00ab\u00a0Une Nouvelle G\u00e9n\u00e9ration pour Christ.\u00a0\u00bb<\/p>\n<p>\u00c0 cette fin, nous nous rassemblons chaque semaine afin de glorifier l\u2019\u00c9ternel et recevoir Ses instructions r\u00e9dig\u00e9es dans Sa Parole\u00a0\u2013 la Bible \u2013 et ainsi manifester la puissance de Dieu dans nos vies ; non seulement les dimanches, mais \u00e9galement le reste de la semaine.<\/p>\n<p>Nous sommes situ\u00e9s dans l\u2019arrondissement de Ville LaSalle \u2013 faisant partie de la belle ville de Montr\u00e9al, dans la Province du Qu\u00e9bec, Canada. Notre \u00e9glise a \u00e9t\u00e9 incorpor\u00e9e en 1989, et l\u2019in\u00e9branlable Parole de Dieu est proclam\u00e9e \u00e0 notre adresse actuelle depuis 1995.<\/p>\n<p>Alors que nous louons l\u2019\u00c9ternel et \u00e9tudions Sa Parole d\u2019un commun accord, nous d\u00e9veloppons ainsi une harmonie spirituelle sans \u00e9gale. En participant fid\u00e8lement \u00e0 nos assembl\u00e9es, les membres et familles de notre \u00e9glise enrichissent leurs d\u00e9votions chr\u00e9tiennes et forgent une solide fraternit\u00e9 entre eux \u2013 et ce, au plus grand d\u00e9sarroi de l\u2019ennemi !<\/p>\n<p>Ma pri\u00e8re est de vous compter parmi les membres de cette \u00ab\u00a0Nouvelle G\u00e9n\u00e9ration\u00a0\u00bb, pr\u00eats \u00e0 la seconde venue de notre Seigneur J\u00e9sus Christ, jouant un r\u00f4le crucial dans la pr\u00e9paration de Son \u00c9pouse \u2013 une \u00c9glise remplie de gloire, sans tache et irr\u00e9prochable !<\/p>\n<p>V\u00f4tre pour un pass\u00e9 m\u00e9morable, un pr\u00e9sent excitant, et un avenir prometteur,<\/p>\n<p><img loading=\"lazy\" decoding=\"async\" class=\"alignnone size-medium wp-image-53\" style=\"margin-left: -15px;\" src=\"https:\/\/nbmchurch.org\/wp-content\/uploads\/E1-F1-Chauvette-Signature-300x55.jpg\" alt=\"E1 F1 Chauvette Signature\" width=\"300\" height=\"55\" srcset=\"https:\/\/nbmchurch.org\/wp-content\/uploads\/E1-F1-Chauvette-Signature-300x55.jpg 300w, https:\/\/nbmchurch.org\/wp-content\/uploads\/E1-F1-Chauvette-Signature-1024x188.jpg 1024w, https:\/\/nbmchurch.org\/wp-content\/uploads\/E1-F1-Chauvette-Signature.jpg 1980w\" sizes=\"(max-width: 300px) 100vw, 300px\" \/><\/p>\n<p>R\u00e9v. St\u00e9phane Chauvette<br \/>\nPasteur Senior<br \/>\n\u00c9glise Nouveaux D\u00e9buts[\/vc_column_text][vc_column_text]\n<p style=\"text-align: center;\"><strong style=\"font-size: 18px;\">Vous pouvez entendre Pasteur St\u00e9phane Chauvette sur YouTube et \u00e9tudier la Parole de Dieu en \u00e9coutant <a href=\"https:\/\/www.youtube.com\/playlist?list=PLgZv1oj9LMUynBo9L4d1GQqsplDpMYp_6\" target=\"_blank\" rel=\"noopener\">A WORD FOR TODAY<\/a> !<\/strong><\/p>\n[\/vc_column_text][vc_video link=\u00a0\u00bbhttps:\/\/www.youtube.com\/playlist?list=PLgZv1oj9LMUynBo9L4d1GQqsplDpMYp_6&Prime;][\/vc_column][vc_column visibility=\u00a0\u00bbvisible-sm\u00a0\u00bb width=\u00a0\u00bb1\/6&Prime;][vc_column_text]\n<p>&nbsp;<\/p>\n[\/vc_column_text][\/vc_column][\/vc_row]\n<\/div>","protected":false},"excerpt":{"rendered":"<p>[vc_row][vc_column][mk_revslider id=\u00a0\u00bbhome-banner-fr\u00a0\u00bb][\/vc_column][\/vc_row][vc_row fullwidth=\u00a0\u00bbtrue\u00a0\u00bb fullwidth_content=\u00a0\u00bbfalse\u00a0\u00bb disable_element=\u00a0\u00bbyes\u00a0\u00bb css=\u00a0\u00bb.vc_custom_1628872304551{padding-top: 40px !important;padding-bottom: 40px !important;background-color: #f7f7f7 !important;}\u00a0\u00bb][vc_column width=\u00a0\u00bb1\/6&Prime;][\/vc_column][vc_column width=\u00a0\u00bb4\/6&Prime;][vc_column_text] ATTENTION ! En raison de la crise du coronavirus et de l&rsquo;annonce r\u00e9cente de nouvelles restrictions en vigueur dans la r\u00e9gion de Montr\u00e9al, les c\u00e9l\u00e9brations de l&rsquo;\u00c9glise Nouveaux D\u00e9buts sont \u00e0 nouveau temporairement annul\u00e9es. Veuillez demeurer en contact afin d\u2019\u00eatre inform\u00e9 [&hellip;]<\/p>\n","protected":false},"author":1,"featured_media":0,"parent":0,"menu_order":0,"comment_status":"closed","ping_status":"closed","template":"","meta":{"footnotes":""},"class_list":["post-304","page","type-page","status-publish","hentry"],"_links":{"self":[{"href":"https:\/\/nbmchurch.org\/fr\/wp-json\/wp\/v2\/pages\/304"}],"collection":[{"href":"https:\/\/nbmchurch.org\/fr\/wp-json\/wp\/v2\/pages"}],"about":[{"href":"https:\/\/nbmchurch.org\/fr\/wp-json\/wp\/v2\/types\/page"}],"author":[{"embeddable":true,"href":"https:\/\/nbmchurch.org\/fr\/wp-json\/wp\/v2\/users\/1"}],"replies":[{"embeddable":true,"href":"https:\/\/nbmchurch.org\/fr\/wp-json\/wp\/v2\/comments?post=304"}],"version-history":[{"count":23,"href":"https:\/\/nbmchurch.org\/fr\/wp-json\/wp\/v2\/pages\/304\/revisions"}],"predecessor-version":[{"id":805,"href":"https:\/\/nbmchurch.org\/fr\/wp-json\/wp\/v2\/pages\/304\/revisions\/805"}],"wp:attachment":[{"href":"https:\/\/nbmchurch.org\/fr\/wp-json\/wp\/v2\/media?parent=304"}],"curies":[{"name":"wp","href":"https:\/\/api.w.org\/{rel}","templated":true}]}}