{"id":157,"date":"2016-06-30T18:28:32","date_gmt":"2016-06-30T22:28:32","guid":{"rendered":"http:\/\/nbmchurch.org\/wordpress\/?page_id=157"},"modified":"2020-02-04T15:57:56","modified_gmt":"2020-02-04T20:57:56","slug":"contact","status":"publish","type":"page","link":"https:\/\/nbmchurch.org\/en\/contact\/","title":{"rendered":"Contact"},"content":{"rendered":"<div class=\"wpb-content-wrapper\">[vc_row][vc_column][mk_revslider id=&#8221;banner-contact&#8221;][\/vc_column][\/vc_row][vc_row][vc_column][mk_padding_divider size=&#8221;30&#8243;][vc_column_text]\n<p style=\"text-align: center;\">Be at Church on time! Shuttle transportation service in the LaSalle area is available for New Beginnings Church members only.<br \/>\nPlease contact us 24 hours in advance to arrange a pickup time: (514) 363-1080<\/p>\n[\/vc_column_text][\/vc_column][\/vc_row][vc_row css=&#8221;.vc_custom_1464313207161{margin-top: 50px !important;margin-bottom: 50px !important;}&#8221;][vc_column width=&#8221;1\/2&#8243; css=&#8221;.vc_custom_1467164516572{margin-top: 0px !important;padding-top: 0px !important;}&#8221;][vc_column_text]\n<h2>Contact Us<\/h2>\n<p>NEW BEGINNINGS MINISTRY \/ CHURCH<br \/>\n9412 Cl\u00e9ment<br \/>\nLaSalle, Qu\u00e9bec, Canada,\u00a0H8R 1T5<\/p>\n<p><i class=\"fa fa-phone fa-fw\" style=\"margin-right: 5px;\"><\/i>Tel: (514) 363-1080<br \/>\n<i class=\"fa fa-fax fa-fw\" style=\"margin-right: 5px;\"><\/i>Fax: (514) 363-6844<br \/>\n<i class=\"fa fa-envelope fa-fw\" style=\"margin-right: 5px;\"><\/i>Email: <a href=\"mailto:Pasteur.Chauvette@sympatico.ca\">Pasteur.Chauvette@sympatico.ca<\/a><br \/>\n<i class=\"fa fa-facebook-square fa-fw\" style=\"margin-right: 5px;\"><\/i><a href=\"https:\/\/www.facebook.com\/NewBeginningsChurchLaSalle\" target=\"_blank\" rel=\"noopener\">Visit us on Facebook<br \/>\n<\/a><br \/>\n<i class=\"fa fa-bus fa-fw\" style=\"margin-right: 5px;\"><\/i><strong>Bus\/Metro directions:<\/strong><br \/>\nFrom Angrignon Metro Station, Bus route #113 will drop you off right across the street from our Church (cross street D&#8217;amour).<\/p>\n<p><i class=\"fa fa-wheelchair fa-fw\" style=\"margin-right: 5px;\"><\/i><strong>Guests with disabilities:<\/strong><br \/>\nOur church is equipped to serve everyone! A wheelchair-accessible entrance and a reserved parking space are located at the side entrance on Rue D&#8217;amour. Our ushers will be pleased to assist you if needed.<\/p>\n<p>We invite you to download our NBM Church App by selecting an icon below:<\/p>\n<p><a href=\"https:\/\/itunes.apple.com\/us\/app\/new-beginnings-church\/id1248957473?ls=1&amp;mt=8\" target=\"_blank\" rel=\"noopener\"><img loading=\"lazy\" decoding=\"async\" class=\"alignnone\" style=\"width: 150px;\" src=\"https:\/\/nbmchurch.org\/wp-content\/uploads\/app_store_available.gif\" alt=\"\" width=\"214\" height=\"73\" \/><\/a><a href=\"https:\/\/play.google.com\/store\/apps\/details?id=org.nbmchurch.bible\" target=\"_blank\" rel=\"noopener\">\u00a0<img loading=\"lazy\" decoding=\"async\" class=\"alignnone\" style=\"width: 150px;\" src=\"https:\/\/nbmchurch.org\/wp-content\/uploads\/google-play.png\" alt=\"\" width=\"214\" height=\"73\" \/><\/a><\/p>\n<h2>Our Meetings<\/h2>\n<p>Sunday Morning Celebration: 10 AM<br \/>\nWednesday Evening \/ Bible College: 7:30 PM<br \/>\nFriday Evening \/ Prayer Meeting: 7:30 PM<\/p>\n<p>Please contact us for more information about our caring nurseries, Sunday School and Youth Meetings. NOTE: Our Sunday Morning Celebrations are simultaneously translated in French \u2013 earpieces are supplied.<\/p>\n<h2>Our Affiliate Corporations<\/h2>\n<p><a href=\"http:\/\/mimihouse.ca\/\" target=\"_blank\" rel=\"noopener\"><img loading=\"lazy\" decoding=\"async\" class=\"alignleft wp-image-546\" src=\"https:\/\/nbmchurch.org\/wp-content\/uploads\/mimi-house-logo-english.png\" alt=\"\" width=\"91\" height=\"180\" srcset=\"https:\/\/nbmchurch.org\/wp-content\/uploads\/mimi-house-logo-english.png 1754w, https:\/\/nbmchurch.org\/wp-content\/uploads\/mimi-house-logo-english-152x300.png 152w, https:\/\/nbmchurch.org\/wp-content\/uploads\/mimi-house-logo-english-519x1024.png 519w\" sizes=\"(max-width: 91px) 100vw, 91px\" \/><\/a><a href=\"http:\/\/moriahpublications.com\/\" target=\"_blank\" rel=\"noopener\"><img loading=\"lazy\" decoding=\"async\" class=\"alignleft wp-image-503\" src=\"https:\/\/nbmchurch.org\/wp-content\/uploads\/logo-en.jpg\" alt=\"\" width=\"216\" height=\"180\" srcset=\"https:\/\/nbmchurch.org\/wp-content\/uploads\/logo-en.jpg 513w, https:\/\/nbmchurch.org\/wp-content\/uploads\/logo-en-300x250.jpg 300w\" sizes=\"(max-width: 216px) 100vw, 216px\" \/><\/a><a href=\"https:\/\/awordfortoday.ca\" target=\"_blank\" rel=\"noopener\"><img loading=\"lazy\" decoding=\"async\" class=\"alignleft wp-image-541\" src=\"https:\/\/nbmchurch.org\/wp-content\/uploads\/a-word-for-today-tagline-logo-267x300.jpg\" alt=\"\" width=\"160\" height=\"180\" srcset=\"https:\/\/nbmchurch.org\/wp-content\/uploads\/a-word-for-today-tagline-logo-267x300.jpg 267w, https:\/\/nbmchurch.org\/wp-content\/uploads\/a-word-for-today-tagline-logo.jpg 500w\" sizes=\"(max-width: 160px) 100vw, 160px\" \/><\/a>[\/vc_column_text][\/vc_column][vc_column width=&#8221;1\/2&#8243;][vc_column_text]\n<h2>NBM Church Affiliations and Credentials<\/h2>\n<p style=\"margin: 0in; margin-bottom: .0001pt; line-height: 17.45pt; vertical-align: baseline;\"><span lang=\"EN-CA\" style=\"font-size: 10.5pt; font-family: 'Raleway',sans-serif; color: #777777;\">New Beginnings Ministry \/ Church is a member of the following Christian organisations:<\/span><\/p>\n[\/vc_column_text][vc_row_inner css=&#8221;.vc_custom_1580846316176{margin-top: 0px !important;padding-top: 0px !important;}&#8221;][vc_column_inner width=&#8221;1\/2&#8243;][vc_column_text]<a href=\"https:\/\/www.cccc.org\/\" target=\"_blank\" rel=\"noopener\"><img loading=\"lazy\" decoding=\"async\" class=\"aligncenter wp-image-482 size-full\" src=\"https:\/\/nbmchurch.org\/wp-content\/uploads\/cccc-logo.jpg\" alt=\"\" width=\"175\" height=\"175\" srcset=\"https:\/\/nbmchurch.org\/wp-content\/uploads\/cccc-logo.jpg 175w, https:\/\/nbmchurch.org\/wp-content\/uploads\/cccc-logo-150x150.jpg 150w, https:\/\/nbmchurch.org\/wp-content\/uploads\/cccc-logo-300x300.jpg 300w\" sizes=\"(max-width: 175px) 100vw, 175px\" \/><\/a><\/p>\n<p style=\"text-align: center; margin-top: -55px;\">THE CANADIAN COUNCIL OF CHRISTIAN CHARITIES (<a href=\"https:\/\/www.cccc.org\/\" target=\"_blank\" rel=\"noopener\">C.C.C.C.<\/a>)<\/p>\n[\/vc_column_text][\/vc_column_inner][vc_column_inner width=&#8221;1\/2&#8243;][vc_column_text]<a href=\"http:\/\/iaogcan.com\/en\/index.php\" target=\"_blank\" rel=\"noopener\"><img loading=\"lazy\" decoding=\"async\" class=\"aligncenter wp-image-480 size-full\" src=\"https:\/\/nbmchurch.org\/wp-content\/uploads\/iaogi.jpg\" alt=\"\" width=\"175\" height=\"175\" srcset=\"https:\/\/nbmchurch.org\/wp-content\/uploads\/iaogi.jpg 175w, https:\/\/nbmchurch.org\/wp-content\/uploads\/iaogi-150x150.jpg 150w\" sizes=\"(max-width: 175px) 100vw, 175px\" \/><\/a><\/p>\n<p style=\"text-align: center; margin-top: -55px;\">THE INDEPENDENT ASSEMBLIES OF GOD INTERNATIONAL OF CANADA (<a href=\"http:\/\/iaogcan.com\/en\/index.php\" target=\"_blank\" rel=\"noopener\">I.A.O.G.I.C.<\/a>)<\/p>\n[\/vc_column_text][\/vc_column_inner][\/vc_row_inner][vc_row_inner][vc_column_inner width=&#8221;1\/2&#8243;][vc_column_text]<img loading=\"lazy\" decoding=\"async\" class=\"aligncenter wp-image-479 size-full\" src=\"https:\/\/nbmchurch.org\/wp-content\/uploads\/efc.jpg\" alt=\"\" width=\"175\" height=\"175\" srcset=\"https:\/\/nbmchurch.org\/wp-content\/uploads\/efc.jpg 175w, https:\/\/nbmchurch.org\/wp-content\/uploads\/efc-150x150.jpg 150w\" sizes=\"(max-width: 175px) 100vw, 175px\" \/><\/p>\n<p style=\"text-align: center; margin-top: -15px;\">THE EVANGELICAL FELLOWSHIP OF CANADA (<a href=\"http:\/\/www.evangelicalfellowship.ca\/\" target=\"_blank\" rel=\"noopener\">E.F.C.<\/a>)<\/p>\n[\/vc_column_text][\/vc_column_inner][vc_column_inner width=&#8221;1\/2&#8243;][vc_column_text]<a href=\"http:\/\/cqoc.org\/en\/\" target=\"_blank\" rel=\"noopener\"><img loading=\"lazy\" decoding=\"async\" class=\"aligncenter wp-image-478 size-full\" src=\"https:\/\/nbmchurch.org\/wp-content\/uploads\/cqoc.jpg\" alt=\"\" width=\"175\" height=\"175\" srcset=\"https:\/\/nbmchurch.org\/wp-content\/uploads\/cqoc.jpg 175w, https:\/\/nbmchurch.org\/wp-content\/uploads\/cqoc-150x150.jpg 150w\" sizes=\"(max-width: 175px) 100vw, 175px\" \/><\/a><\/p>\n<p style=\"text-align: center; margin-top: -15px;\">LE CONSEIL QU\u00c9B\u00c9COIS DES ORGANISMES CHR\u00c9TIENS (<a href=\"http:\/\/cqoc.org\/en\/\" target=\"_blank\" rel=\"noopener\">C.Q.O.C.<\/a>)<\/p>\n[\/vc_column_text][\/vc_column_inner][\/vc_row_inner][vc_row_inner][vc_column_inner width=&#8221;1\/2&#8243;][vc_column_text]<a href=\"https:\/\/ca.ccli.com\/\" target=\"_blank\" rel=\"noopener\"><img loading=\"lazy\" decoding=\"async\" class=\"aligncenter wp-image-516 size-full\" src=\"https:\/\/nbmchurch.org\/wp-content\/uploads\/ccli.jpg\" alt=\"\" width=\"175\" height=\"175\" srcset=\"https:\/\/nbmchurch.org\/wp-content\/uploads\/ccli.jpg 175w, https:\/\/nbmchurch.org\/wp-content\/uploads\/ccli-150x150.jpg 150w, https:\/\/nbmchurch.org\/wp-content\/uploads\/ccli-300x300.jpg 300w\" sizes=\"(max-width: 175px) 100vw, 175px\" \/><\/a><\/p>\n<p style=\"text-align: center; margin-top: -55px;\">THE CHRISTIAN COPYRIGHT LICENSING INTERNATIONAL (<a href=\"https:\/\/ca.ccli.com\/\" target=\"_blank\" rel=\"noopener\">C.C.L.I.<\/a>)<\/p>\n[\/vc_column_text][\/vc_column_inner][vc_column_inner width=&#8221;1\/2&#8243;][vc_column_text]<a href=\"http:\/\/www.etatcivil.gouv.qc.ca\/en\/default.html\" target=\"_blank\" rel=\"noopener\"><img loading=\"lazy\" decoding=\"async\" class=\"aligncenter wp-image-519 size-full\" src=\"https:\/\/nbmchurch.org\/wp-content\/uploads\/decq.jpg\" alt=\"\" width=\"175\" height=\"175\" srcset=\"https:\/\/nbmchurch.org\/wp-content\/uploads\/decq.jpg 175w, https:\/\/nbmchurch.org\/wp-content\/uploads\/decq-150x150.jpg 150w, https:\/\/nbmchurch.org\/wp-content\/uploads\/decq-300x300.jpg 300w\" sizes=\"(max-width: 175px) 100vw, 175px\" \/><\/a><\/p>\n<p style=\"text-align: center; margin-top: -55px;\">THE DIRECTEUR DE L\u2019\u00c9TAT CIVIL OF QU\u00c9BEC (<a href=\"http:\/\/www.etatcivil.gouv.qc.ca\/en\/default.html\" target=\"_blank\" rel=\"noopener\">D.E.C.Q.<\/a>)<\/p>\n[\/vc_column_text][\/vc_column_inner][\/vc_row_inner][vc_column_text]Earning praises from all three levels of government for its fiscal transparency, the financial report of <strong>New Beginnings Ministry\/Church is audited annually<\/strong> by an independent accounting firm.<\/p>\n<p>Pastor St\u00e9phane Chauvette and Pastor Russell LeGassick are <strong>Licensed Ministers<\/strong> of the Clergy, with the legal authority\u00a0to perform marriages in the Province of Qu\u00e9bec.<\/p>\n<p>Pastor St\u00e9phane Chauvette is a <strong>Commissioner of Oaths<\/strong> officially recognized by the Province of Qu\u00e9bec.[\/vc_column_text][vc_column_text]\n<h2>Radio Ministry Schedule<\/h2>\n<p><img loading=\"lazy\" decoding=\"async\" class=\"alignleft wp-image-76\" src=\"https:\/\/nbmchurch.org\/wp-content\/uploads\/E2-F2-History-Chauvette-162x300.jpg\" alt=\"E2 F2 History Chauvette\" width=\"108\" height=\"200\" \/>Pastor St\u00e9phane Chauvette is heard on <a href=\"http:\/\/www.wchp.com\/\" target=\"_blank\" rel=\"noopener\">Christian Radio WCHP 760 AM<\/a> for more than twenty-five years. His exciting fifteen (15) minute radio programs, aired in both English and French, have edified believers for years and are quite popular in Upper State New York and the greater Montreal metropolitan region. You can listen to Rev. Chauvette during the following broadcast days and times:<\/p>\n<div style=\"clear: both;\"><\/div>\n<p>Radio Programs of Pastor St\u00e9phane Chauvette are aired in English on:<\/p>\n<ul>\n<li>Saturday from 2:15 to 2:30 PM<\/li>\n<li>Sunday from 9:00 to 9:15 AM<\/li>\n<\/ul>\n<p>Radio Programs of Pastor St\u00e9phane Chauvette are also aired in French on:<\/p>\n<ul>\n<li>Tuesday from 3:00 to 3:15 PM<\/li>\n<li>Thursday from 2:30 to 2:45 PM<\/li>\n<li>Saturday from 3:45 to 4:00 PM<\/li>\n<li>Sunday from 2:45 to 3:00 PM<\/li>\n<\/ul>\n[\/vc_column_text][\/vc_column][\/vc_row][vc_row css=&#8221;.vc_custom_1467837251766{margin-top: -40px !important;margin-bottom: 20px !important;}&#8221;][vc_column width=&#8221;1\/6&#8243;][\/vc_column][vc_column width=&#8221;4\/6&#8243;][vc_column_text]<a href=\"https:\/\/nbmchurch.org\/our-images\/\"><img loading=\"lazy\" decoding=\"async\" class=\"aligncenter wp-image-41\" src=\"https:\/\/nbmchurch.org\/wp-content\/uploads\/icon-300x300.jpg\" width=\"100\" height=\"100\" srcset=\"https:\/\/nbmchurch.org\/wp-content\/uploads\/icon-300x300.jpg 300w, https:\/\/nbmchurch.org\/wp-content\/uploads\/icon-150x150.jpg 150w, https:\/\/nbmchurch.org\/wp-content\/uploads\/icon-500x500.jpg 500w, https:\/\/nbmchurch.org\/wp-content\/uploads\/icon-225x225.jpg 225w, https:\/\/nbmchurch.org\/wp-content\/uploads\/icon-200x200.jpg 200w, https:\/\/nbmchurch.org\/wp-content\/uploads\/icon-60x60.jpg 60w, https:\/\/nbmchurch.org\/wp-content\/uploads\/icon.jpg 512w\" sizes=\"(max-width: 100px) 100vw, 100px\" \/><\/a><\/p>\n<p style=\"text-align: center; margin-top: -20px;\"><a href=\"https:\/\/nbmchurch.org\/en\/our-images\/\">Our Images and their Signification<\/a> \u00bb<\/p>\n[\/vc_column_text][\/vc_column][vc_column width=&#8221;1\/6&#8243;][\/vc_column][\/vc_row][vc_row fullwidth=&#8221;true&#8221;][vc_column][mk_image src=&#8221;https:\/\/nbmchurch.org\/wp-content\/uploads\/e7-f7-banner-contact-4.jpg&#8221; image_size=&#8221;full&#8221; align=&#8221;center&#8221; margin_bottom=&#8221;0&#8243;][\/vc_column][\/vc_row][vc_row fullwidth=&#8221;true&#8221;][vc_column][mk_image src=&#8221;https:\/\/nbmchurch.org\/wp-content\/uploads\/E7-F7-Banner-Contact-3.jpg&#8221; image_size=&#8221;full&#8221; align=&#8221;center&#8221; margin_bottom=&#8221;0&#8243;][\/vc_column][\/vc_row][vc_row fullwidth=&#8221;true&#8221;][vc_column][vc_gmaps link=&#8221;#E-8_JTNDaWZyYW1lJTIwc3JjJTNEJTIyaHR0cHMlM0ElMkYlMkZ3d3cuZ29vZ2xlLmNvbSUyRm1hcHMlMkZlbWJlZCUzRnBiJTNEJTIxMW0xNCUyMTFtOCUyMTFtMyUyMTFkNTU5OS42OTg5MTU5MjA0MTclMjEyZC03My42NDQ4NjczNTk4MDIyNSUyMTNkNDUuNDMyNTM1OTI2Nzc5NDYlMjEzbTIlMjExaTEwMjQlMjEyaTc2OCUyMTRmMTMuMSUyMTNtMyUyMTFtMiUyMTFzMHg0Y2M5MTEzNDUyOTg5MDhmJTI1M0EweDYwZDc2ZTJjOGU1Y2FmNGUlMjEyc0VnbGlzZSUyQk5vdXZlYXV4JTJCRCUyNUMzJTI1QTlidXRzJTIxNWUwJTIxM20yJTIxMXNlbiUyMTJzY2ElMjE0djE0Njc4MjgxMzUyOTIlMjIlMjB3aWR0aCUzRCUyMjYwMCUyMiUyMGhlaWdodCUzRCUyMjUyMyUyMiUyMGZyYW1lYm9yZGVyJTNEJTIyMCUyMiUyMHN0eWxlJTNEJTIyYm9yZGVyJTNBMCUyMiUyMGFsbG93ZnVsbHNjcmVlbiUzRSUzQyUyRmlmcmFtZSUzRQ==&#8221;][\/vc_column][\/vc_row]\n<\/div>","protected":false},"excerpt":{"rendered":"<p>[vc_row][vc_column][mk_revslider id=&#8221;banner-contact&#8221;][\/vc_column][\/vc_row][vc_row][vc_column][mk_padding_divider size=&#8221;30&#8243;][vc_column_text] Be at Church on time! Shuttle transportation service in the LaSalle area is available for New Beginnings Church members only. Please contact us 24 hours in advance to arrange a pickup time: (514) 363-1080 [\/vc_column_text][\/vc_column][\/vc_row][vc_row css=&#8221;.vc_custom_1464313207161{margin-top: 50px !important;margin-bottom: 50px !important;}&#8221;][vc_column width=&#8221;1\/2&#8243; css=&#8221;.vc_custom_1467164516572{margin-top: 0px !important;padding-top: 0px !important;}&#8221;][vc_column_text] Contact Us NEW BEGINNINGS MINISTRY \/ [&hellip;]<\/p>\n","protected":false},"author":1,"featured_media":0,"parent":0,"menu_order":0,"comment_status":"closed","ping_status":"open","template":"","meta":{"footnotes":""},"class_list":["post-157","page","type-page","status-publish","hentry"],"_links":{"self":[{"href":"https:\/\/nbmchurch.org\/en\/wp-json\/wp\/v2\/pages\/157"}],"collection":[{"href":"https:\/\/nbmchurch.org\/en\/wp-json\/wp\/v2\/pages"}],"about":[{"href":"https:\/\/nbmchurch.org\/en\/wp-json\/wp\/v2\/types\/page"}],"author":[{"embeddable":true,"href":"https:\/\/nbmchurch.org\/en\/wp-json\/wp\/v2\/users\/1"}],"replies":[{"embeddable":true,"href":"https:\/\/nbmchurch.org\/en\/wp-json\/wp\/v2\/comments?post=157"}],"version-history":[{"count":42,"href":"https:\/\/nbmchurch.org\/en\/wp-json\/wp\/v2\/pages\/157\/revisions"}],"predecessor-version":[{"id":548,"href":"https:\/\/nbmchurch.org\/en\/wp-json\/wp\/v2\/pages\/157\/revisions\/548"}],"wp:attachment":[{"href":"https:\/\/nbmchurch.org\/en\/wp-json\/wp\/v2\/media?parent=157"}],"curies":[{"name":"wp","href":"https:\/\/api.w.org\/{rel}","templated":true}]}}